{"id":30521,"date":"2025-11-24T16:29:25","date_gmt":"2025-11-24T14:29:25","guid":{"rendered":"https:\/\/surt.org\/?page_id=30521"},"modified":"2025-11-24T17:45:33","modified_gmt":"2025-11-24T15:45:33","slug":"25n-contra-la-violencia-machista-2","status":"publish","type":"page","link":"https:\/\/surt.org\/es\/25n-contra-la-violencia-machista-2\/","title":{"rendered":"25N &#8211; CONTRA LA VIOLENCIA MACHISTA"},"content":{"rendered":"<div data-elementor-type=\"wp-page\" data-elementor-id=\"30521\" class=\"elementor elementor-30521\">\n\t\t\t\t<div class=\"elementor-element elementor-element-46cfe668 elementor-hidden-tablet elementor-hidden-mobile e-flex e-con-boxed e-con e-parent\" data-id=\"46cfe668\" data-element_type=\"container\">\n\t\t\t\t\t<div class=\"e-con-inner\">\n\t\t\t\t<div class=\"elementor-element elementor-element-2b657e91 elementor-widget elementor-widget-spacer\" data-id=\"2b657e91\" data-element_type=\"widget\" data-widget_type=\"spacer.default\">\n\t\t\t\t<div class=\"elementor-widget-container\">\n\t\t\t\t\t\t\t<div class=\"elementor-spacer\">\n\t\t\t<div class=\"elementor-spacer-inner\"><\/div>\n\t\t<\/div>\n\t\t\t\t\t\t<\/div>\n\t\t\t\t<\/div>\n\t\t\t\t\t<\/div>\n\t\t\t\t<\/div>\n\t\t<div class=\"elementor-element elementor-element-ec8b243 e-flex e-con-boxed e-con e-parent\" data-id=\"ec8b243\" data-element_type=\"container\">\n\t\t\t\t\t<div class=\"e-con-inner\">\n\t\t<div class=\"elementor-element elementor-element-12e48f3 e-con-full e-flex e-con e-child\" data-id=\"12e48f3\" data-element_type=\"container\">\n\t\t\t\t<div class=\"elementor-element elementor-element-130855f elementor-widget elementor-widget-image\" data-id=\"130855f\" data-element_type=\"widget\" data-widget_type=\"image.default\">\n\t\t\t\t<div class=\"elementor-widget-container\">\n\t\t\t\t\t\t\t\t\t\t\t\t\t\t\t<img fetchpriority=\"high\" decoding=\"async\" width=\"780\" height=\"223\" src=\"https:\/\/surt.org\/wp-content\/uploads\/2025\/11\/25N-P1-e1763976038912-1024x293.jpg\" class=\"attachment-large size-large wp-image-30443\" alt=\"\" srcset=\"https:\/\/surt.org\/wp-content\/uploads\/2025\/11\/25N-P1-e1763976038912-1024x293.jpg 1024w, https:\/\/surt.org\/wp-content\/uploads\/2025\/11\/25N-P1-e1763976038912-300x86.jpg 300w, https:\/\/surt.org\/wp-content\/uploads\/2025\/11\/25N-P1-e1763976038912-18x5.jpg 18w, https:\/\/surt.org\/wp-content\/uploads\/2025\/11\/25N-P1-e1763976038912-768x220.jpg 768w, https:\/\/surt.org\/wp-content\/uploads\/2025\/11\/25N-P1-e1763976038912-1536x440.jpg 1536w, https:\/\/surt.org\/wp-content\/uploads\/2025\/11\/25N-P1-e1763976038912.jpg 1920w\" sizes=\"(max-width: 780px) 100vw, 780px\" \/>\t\t\t\t\t\t\t\t\t\t\t\t\t\t\t<\/div>\n\t\t\t\t<\/div>\n\t\t\t\t<div class=\"elementor-element elementor-element-1caa17c8 elementor-widget elementor-widget-text-editor\" data-id=\"1caa17c8\" data-element_type=\"widget\" data-widget_type=\"text-editor.default\">\n\t\t\t\t<div class=\"elementor-widget-container\">\n\t\t\t\t\t\t\t\t\t<h2 class=\"the-title\"><span style=\"color: #e2007a;\">Sostener la vida contra las violencias machistas &#8211; <\/span><span style=\"color: #e2007a;\">25 de noviembre<\/span><\/h2>\t\t\t\t\t\t\t\t<\/div>\n\t\t\t\t<\/div>\n\t\t\t\t<div class=\"elementor-element elementor-element-d808c68 elementor-widget elementor-widget-text-editor\" data-id=\"d808c68\" data-element_type=\"widget\" data-widget_type=\"text-editor.default\">\n\t\t\t\t<div class=\"elementor-widget-container\">\n\t\t\t\t\t\t\t\t\t<div class=\"wpb_row vc_row vc_row-fluid mk-fullwidth-false attched-false js-master-row mk-in-viewport\"><div class=\"vc_col-sm-6 wpb_column column_container vc_custom_1491651809658 _ height-full\"><div class=\"vc_custom_1683057259296\"><div id=\"text-block-6\" class=\"mk-text-block\"><p>Como cada 25 de noviembre &#8211; <strong>D\u00eda Internacional de la Eliminaci\u00f3n de la Violencia hacia las Mujeres<\/strong>, nos posicionamos y nos manifestaremos en las calles contra las violencias machistas.<\/p><p>Hemos de seguir construyendo y dando valor a esta alternativa real a la incertidumbre creada por la violencia estructural que el sistema capitalista y patriarcal genera. Centenares de a\u00f1os creando una cultura del miedo, ruido y desconfianza.<strong> Frente a esto construimos d\u00eda a d\u00eda, la confianza, la vida. Una vida que hay que sostener, que hay que cuidar.<\/strong><\/p><p>Frente en un mundo donde las guerras, las violencias machistas, los desahucios, los desplazamientos o la precariedad forman parte de la vida de la mayor\u00eda <strong>es imprescindible que los derechos sean una realidad<\/strong> donde la fatiga sea elegida y no impuesta.<\/p><p>En un mundo en el que centenares de mujeres asesinadas forman parte de la \u201cnormalidad\u201d<strong> hace falta valent\u00eda para transformar. El feminismo propone un mundo donde la justicia se mida en vidas cuidadas y reparadas, no en estad\u00edsticas.<\/strong><\/p><p>Construimos un mundo donde sostener la vida, el conocimiento, la imaginaci\u00f3n y la alegr\u00eda para todas las personas.<br \/><strong>Construimos un mundo en el que \u201cni una menos\u201d.<\/strong><\/p><p>Frente de la maquinaria de las violencias, <strong>persistimos.<\/strong><br \/><strong>Persistimos al pensar, al acompa\u00f1ar, al rendir cuentas y exigir vidas sin violencia.<\/strong><\/p><\/div><\/div><\/div><\/div>\t\t\t\t\t\t\t\t<\/div>\n\t\t\t\t<\/div>\n\t\t\t\t<div class=\"elementor-element elementor-element-30c8e6f elementor-widget elementor-widget-text-editor\" data-id=\"30c8e6f\" data-element_type=\"widget\" data-widget_type=\"text-editor.default\">\n\t\t\t\t<div class=\"elementor-widget-container\">\n\t\t\t\t\t\t\t\t\t<h2 class=\"the-title\"><span style=\"color: #e2007a;\">\u00bfTe imaginas? &#8211; 25N<\/span><\/h2>\t\t\t\t\t\t\t\t<\/div>\n\t\t\t\t<\/div>\n\t\t\t\t<div class=\"elementor-element elementor-element-80f3d59 elementor-widget elementor-widget-video\" data-id=\"80f3d59\" data-element_type=\"widget\" data-settings=\"{&quot;youtube_url&quot;:&quot;https:\\\/\\\/youtu.be\\\/FQaJauoZLnE&quot;,&quot;video_type&quot;:&quot;youtube&quot;,&quot;controls&quot;:&quot;yes&quot;}\" data-widget_type=\"video.default\">\n\t\t\t\t<div class=\"elementor-widget-container\">\n\t\t\t\t\t\t\t<div class=\"elementor-wrapper elementor-open-inline\">\n\t\t\t<div class=\"elementor-video\"><\/div>\t\t<\/div>\n\t\t\t\t\t\t<\/div>\n\t\t\t\t<\/div>\n\t\t\t\t<div class=\"elementor-element elementor-element-011f15e elementor-widget elementor-widget-text-editor\" data-id=\"011f15e\" data-element_type=\"widget\" data-widget_type=\"text-editor.default\">\n\t\t\t\t<div class=\"elementor-widget-container\">\n\t\t\t\t\t\t\t\t\t<h4 class=\"the-title\"><span style=\"color: #e2007a;\">Agradecimientos:<\/span><\/h4>\t\t\t\t\t\t\t\t<\/div>\n\t\t\t\t<\/div>\n\t\t\t\t<div class=\"elementor-element elementor-element-d2ed9f9 elementor-widget elementor-widget-text-editor\" data-id=\"d2ed9f9\" data-element_type=\"widget\" data-widget_type=\"text-editor.default\">\n\t\t\t\t<div class=\"elementor-widget-container\">\n\t\t\t\t\t\t\t\t\t<div class=\"wpb_row vc_row vc_row-fluid mk-fullwidth-false attched-false js-master-row mk-in-viewport\"><div class=\"vc_col-sm-6 wpb_column column_container vc_custom_1491651809658 _ height-full\"><div id=\"text-block-6\" class=\"mk-text-block\"><h5 style=\"text-align: left;\">La ideaci\u00f3n y realizaci\u00f3n de esta campa\u00f1a no hubiera sido posible sin la participaci\u00f3n de todo el equipo de nuestra entidad.<\/h5><h5>Queremos destacar a las compa\u00f1eras de atenci\u00f3n y acompa\u00f1amiento a las Violencias Machistas por su trabajo cotidiano, a las que hacen incidencia pol\u00edtica, a las compa\u00f1eras que trabajan en los diversos programas comunitarios de nuestra entidad, especialmente a Laia Albert i Esther Garc\u00eda, del Espacio Barceloneta, promotoras de la inestimable participaci\u00f3n de vecinas y vecinos del barrio de La Barceloneta:<\/h5><\/div><h5 class=\"vc_custom_1683057259296\" style=\"text-align: left;\"><span style=\"font-family: georgia, palatino, serif; font-size: 28px; text-transform: uppercase;\"><span style=\"color: #ff00ff;\"><span style=\"text-transform: capitalize;\">Alicia, Ceci, Flor, Franciska, Irene, Javi, Lali, Luci, Montse &amp;\u00a0 Pepi.<\/span><\/span><\/span><\/h5><h5 style=\"text-align: left;\">Tambi\u00e9n queremos agradecer la colaboraci\u00f3n de la Biblioteca de la Barceloneta, del Centro C\u00edvico de la Barceloneta, del Bar Pi\u00f1ol y del Caf\u00e9\u00a0New\u00a0Orleans de la Barceloneta.<\/h5><\/div><\/div>\t\t\t\t\t\t\t\t<\/div>\n\t\t\t\t<\/div>\n\t\t\t\t<\/div>\n\t\t\t\t\t<\/div>\n\t\t\t\t<\/div>\n\t\t<div class=\"elementor-element elementor-element-652e0dbc e-flex e-con-boxed e-con e-parent\" data-id=\"652e0dbc\" data-element_type=\"container\">\n\t\t\t\t\t<div class=\"e-con-inner\">\n\t\t\t\t<div class=\"elementor-element elementor-element-e19a5e1 elementor-arrows-position-inside elementor-pagination-position-outside elementor-widget elementor-widget-image-carousel\" data-id=\"e19a5e1\" data-element_type=\"widget\" data-settings=\"{&quot;navigation&quot;:&quot;both&quot;,&quot;autoplay&quot;:&quot;yes&quot;,&quot;pause_on_hover&quot;:&quot;yes&quot;,&quot;pause_on_interaction&quot;:&quot;yes&quot;,&quot;autoplay_speed&quot;:5000,&quot;infinite&quot;:&quot;yes&quot;,&quot;speed&quot;:500}\" data-widget_type=\"image-carousel.default\">\n\t\t\t\t<div class=\"elementor-widget-container\">\n\t\t\t\t\t\t\t<div class=\"elementor-image-carousel-wrapper swiper\" role=\"region\" aria-roledescription=\"carousel\" aria-label=\"Carrusel d&#039;imatges\" dir=\"ltr\">\n\t\t\t<div class=\"elementor-image-carousel swiper-wrapper\" aria-live=\"off\">\n\t\t\t\t\t\t\t\t<div class=\"swiper-slide\" role=\"group\" aria-roledescription=\"slide\" aria-label=\"1 de 14\"><figure class=\"swiper-slide-inner\"><img decoding=\"async\" class=\"swiper-slide-image\" src=\"https:\/\/surt.org\/wp-content\/uploads\/2025\/11\/25N-P1-1-1250x700.jpg\" alt=\"25N - PORTADA\" \/><\/figure><\/div><div class=\"swiper-slide\" role=\"group\" aria-roledescription=\"slide\" aria-label=\"2 de 14\"><figure class=\"swiper-slide-inner\"><img decoding=\"async\" class=\"swiper-slide-image\" src=\"https:\/\/surt.org\/wp-content\/uploads\/2025\/11\/25N-P2-1250x700.jpg\" alt=\"25N - P2\" \/><\/figure><\/div><div class=\"swiper-slide\" role=\"group\" aria-roledescription=\"slide\" aria-label=\"3 de 14\"><figure class=\"swiper-slide-inner\"><img decoding=\"async\" class=\"swiper-slide-image\" src=\"https:\/\/surt.org\/wp-content\/uploads\/2025\/11\/25N-P3-1250x700.jpg\" alt=\"25N - P3\" \/><\/figure><\/div><div class=\"swiper-slide\" role=\"group\" aria-roledescription=\"slide\" aria-label=\"4 de 14\"><figure class=\"swiper-slide-inner\"><img decoding=\"async\" class=\"swiper-slide-image\" src=\"https:\/\/surt.org\/wp-content\/uploads\/2025\/11\/25N-P5-1250x700.jpg\" alt=\"25N - P5\" \/><\/figure><\/div><div class=\"swiper-slide\" role=\"group\" aria-roledescription=\"slide\" aria-label=\"5 de 14\"><figure class=\"swiper-slide-inner\"><img decoding=\"async\" class=\"swiper-slide-image\" src=\"https:\/\/surt.org\/wp-content\/uploads\/2025\/11\/25N-P6-1250x700.jpg\" alt=\"25N - P6\" \/><\/figure><\/div><div class=\"swiper-slide\" role=\"group\" aria-roledescription=\"slide\" aria-label=\"6 de 14\"><figure class=\"swiper-slide-inner\"><img decoding=\"async\" class=\"swiper-slide-image\" src=\"https:\/\/surt.org\/wp-content\/uploads\/2025\/11\/25N-P7-1250x700.jpg\" alt=\"25N - P7\" \/><\/figure><\/div><div class=\"swiper-slide\" role=\"group\" aria-roledescription=\"slide\" aria-label=\"7 de 14\"><figure class=\"swiper-slide-inner\"><img decoding=\"async\" class=\"swiper-slide-image\" src=\"https:\/\/surt.org\/wp-content\/uploads\/2025\/11\/25N-P8-1250x700.jpg\" alt=\"25N - P8\" \/><\/figure><\/div><div class=\"swiper-slide\" role=\"group\" aria-roledescription=\"slide\" aria-label=\"8 de 14\"><figure class=\"swiper-slide-inner\"><img decoding=\"async\" class=\"swiper-slide-image\" src=\"https:\/\/surt.org\/wp-content\/uploads\/2025\/11\/25N-P9-1250x700.jpg\" alt=\"25N - P9\" \/><\/figure><\/div><div class=\"swiper-slide\" role=\"group\" aria-roledescription=\"slide\" aria-label=\"9 de 14\"><figure class=\"swiper-slide-inner\"><img decoding=\"async\" class=\"swiper-slide-image\" src=\"https:\/\/surt.org\/wp-content\/uploads\/2025\/11\/25N-P10-1250x700.jpg\" alt=\"25N - P10\" \/><\/figure><\/div><div class=\"swiper-slide\" role=\"group\" aria-roledescription=\"slide\" aria-label=\"10 de 14\"><figure class=\"swiper-slide-inner\"><img decoding=\"async\" class=\"swiper-slide-image\" src=\"https:\/\/surt.org\/wp-content\/uploads\/2025\/11\/25N-P11-1250x700.jpg\" alt=\"25N - P11\" \/><\/figure><\/div><div class=\"swiper-slide\" role=\"group\" aria-roledescription=\"slide\" aria-label=\"11 de 14\"><figure class=\"swiper-slide-inner\"><img decoding=\"async\" class=\"swiper-slide-image\" src=\"https:\/\/surt.org\/wp-content\/uploads\/2025\/11\/25N-P12-1250x700.jpg\" alt=\"25N - P12\" \/><\/figure><\/div><div class=\"swiper-slide\" role=\"group\" aria-roledescription=\"slide\" aria-label=\"12 de 14\"><figure class=\"swiper-slide-inner\"><img decoding=\"async\" class=\"swiper-slide-image\" src=\"https:\/\/surt.org\/wp-content\/uploads\/2025\/11\/25N-P13-1250x700.jpg\" alt=\"25N - P13\" \/><\/figure><\/div><div class=\"swiper-slide\" role=\"group\" aria-roledescription=\"slide\" aria-label=\"13 de 14\"><figure class=\"swiper-slide-inner\"><img decoding=\"async\" class=\"swiper-slide-image\" src=\"https:\/\/surt.org\/wp-content\/uploads\/2025\/11\/25N-P14-1250x700.jpg\" alt=\"25N - P14\" \/><\/figure><\/div><div class=\"swiper-slide\" role=\"group\" aria-roledescription=\"slide\" aria-label=\"14 de 14\"><figure class=\"swiper-slide-inner\"><img decoding=\"async\" class=\"swiper-slide-image\" src=\"https:\/\/surt.org\/wp-content\/uploads\/2025\/11\/25N-P15-1250x700.jpg\" alt=\"25N - P15\" \/><\/figure><\/div>\t\t\t<\/div>\n\t\t\t\t\t\t\t\t\t\t\t\t<div class=\"elementor-swiper-button elementor-swiper-button-prev\" role=\"button\" tabindex=\"0\">\n\t\t\t\t\t\t<svg aria-hidden=\"true\" class=\"e-font-icon-svg e-eicon-chevron-left\" viewbox=\"0 0 1000 1000\" xmlns=\"http:\/\/www.w3.org\/2000\/svg\"><path d=\"M646 125C629 125 613 133 604 142L308 442C296 454 292 471 292 487 292 504 296 521 308 533L604 854C617 867 629 875 646 875 663 875 679 871 692 858 704 846 713 829 713 812 713 796 708 779 692 767L438 487 692 225C700 217 708 204 708 187 708 171 704 154 692 142 675 129 663 125 646 125Z\"><\/path><\/svg>\t\t\t\t\t<\/div>\n\t\t\t\t\t<div class=\"elementor-swiper-button elementor-swiper-button-next\" role=\"button\" tabindex=\"0\">\n\t\t\t\t\t\t<svg aria-hidden=\"true\" class=\"e-font-icon-svg e-eicon-chevron-right\" viewbox=\"0 0 1000 1000\" xmlns=\"http:\/\/www.w3.org\/2000\/svg\"><path d=\"M696 533C708 521 713 504 713 487 713 471 708 454 696 446L400 146C388 133 375 125 354 125 338 125 325 129 313 142 300 154 292 171 292 187 292 204 296 221 308 233L563 492 304 771C292 783 288 800 288 817 288 833 296 850 308 863 321 871 338 875 354 875 371 875 388 867 400 854L696 533Z\"><\/path><\/svg>\t\t\t\t\t<\/div>\n\t\t\t\t\n\t\t\t\t\t\t\t\t\t<div class=\"swiper-pagination\"><\/div>\n\t\t\t\t\t\t\t\t\t<\/div>\n\t\t\t\t\t\t<\/div>\n\t\t\t\t<\/div>\n\t\t\t\t\t<\/div>\n\t\t\t\t<\/div>\n\t\t<div class=\"elementor-element elementor-element-4ef21c9 e-flex e-con-boxed e-con e-parent\" data-id=\"4ef21c9\" data-element_type=\"container\">\n\t\t\t\t\t<div class=\"e-con-inner\">\n\t\t<div class=\"elementor-element elementor-element-9add3cd e-flex e-con-boxed e-con e-child\" data-id=\"9add3cd\" data-element_type=\"container\">\n\t\t\t\t\t<div class=\"e-con-inner\">\n\t\t\t\t<div class=\"elementor-element elementor-element-44dd63e elementor-align-center elementor-widget elementor-widget-button\" data-id=\"44dd63e\" data-element_type=\"widget\" data-widget_type=\"button.default\">\n\t\t\t\t<div class=\"elementor-widget-container\">\n\t\t\t\t\t\t\t\t\t<div class=\"elementor-button-wrapper\">\n\t\t\t\t\t<a class=\"elementor-button elementor-button-link elementor-size-sm\" href=\"https:\/\/drive.google.com\/file\/d\/1v9gdmpM8gAS4SWhmuIqn8soaH6T0zGtH\/view\">\n\t\t\t\t\t\t<span class=\"elementor-button-content-wrapper\">\n\t\t\t\t\t\t\t\t\t<span class=\"elementor-button-text\">Manifest 25N 2025 de la Plataforma unit\u00e0ria Novembre Feminista<\/span>\n\t\t\t\t\t<\/span>\n\t\t\t\t\t<\/a>\n\t\t\t\t<\/div>\n\t\t\t\t\t\t\t\t<\/div>\n\t\t\t\t<\/div>\n\t\t\t\t\t<\/div>\n\t\t\t\t<\/div>\n\t\t\t\t\t<\/div>\n\t\t\t\t<\/div>\n\t\t\t\t<\/div>","protected":false},"excerpt":{"rendered":"<p>Sostener la vida contra las violencias machistas &#8211; 25 de noviembre Como cada 25 de noviembre &#8211; D\u00eda Internacional de la Eliminaci\u00f3n de la Violencia hacia las Mujeres, nos posicionamos y nos manifestaremos en las calles contra las violencias machistas. Hemos de seguir construyendo y dando valor a esta alternativa real a la incertidumbre creada [&hellip;]<\/p>","protected":false},"author":5,"featured_media":29856,"parent":0,"menu_order":0,"comment_status":"closed","ping_status":"closed","template":"","meta":{"footnotes":""},"class_list":["post-30521","page","type-page","status-publish","has-post-thumbnail","hentry"],"_links":{"self":[{"href":"https:\/\/surt.org\/es\/wp-json\/wp\/v2\/pages\/30521","targetHints":{"allow":["GET"]}}],"collection":[{"href":"https:\/\/surt.org\/es\/wp-json\/wp\/v2\/pages"}],"about":[{"href":"https:\/\/surt.org\/es\/wp-json\/wp\/v2\/types\/page"}],"author":[{"embeddable":true,"href":"https:\/\/surt.org\/es\/wp-json\/wp\/v2\/users\/5"}],"replies":[{"embeddable":true,"href":"https:\/\/surt.org\/es\/wp-json\/wp\/v2\/comments?post=30521"}],"version-history":[{"count":3,"href":"https:\/\/surt.org\/es\/wp-json\/wp\/v2\/pages\/30521\/revisions"}],"predecessor-version":[{"id":30535,"href":"https:\/\/surt.org\/es\/wp-json\/wp\/v2\/pages\/30521\/revisions\/30535"}],"wp:featuredmedia":[{"embeddable":true,"href":"https:\/\/surt.org\/es\/wp-json\/wp\/v2\/media\/29856"}],"wp:attachment":[{"href":"https:\/\/surt.org\/es\/wp-json\/wp\/v2\/media?parent=30521"}],"curies":[{"name":"wp","href":"https:\/\/api.w.org\/{rel}","templated":true}]}}