{"id":26608,"date":"2024-09-10T17:40:58","date_gmt":"2024-09-10T15:40:58","guid":{"rendered":"https:\/\/devsurt.lana2.net\/?page_id=26608"},"modified":"2024-09-10T17:46:17","modified_gmt":"2024-09-10T15:46:17","slug":"30-anos-haciendo-vinculo","status":"publish","type":"page","link":"https:\/\/surt.org\/es\/30-anos-haciendo-vinculo\/","title":{"rendered":"30 a\u00f1os haciendo v\u00ednculo"},"content":{"rendered":"<div data-elementor-type=\"wp-page\" data-elementor-id=\"26608\" class=\"elementor elementor-26608\">\n\t\t\t\t<div class=\"elementor-element elementor-element-555e753d elementor-hidden-tablet elementor-hidden-mobile e-flex e-con-boxed e-con e-parent\" data-id=\"555e753d\" data-element_type=\"container\">\n\t\t\t\t\t<div class=\"e-con-inner\">\n\t\t\t\t<div class=\"elementor-element elementor-element-726e0fa0 elementor-widget elementor-widget-spacer\" data-id=\"726e0fa0\" data-element_type=\"widget\" data-widget_type=\"spacer.default\">\n\t\t\t\t<div class=\"elementor-widget-container\">\n\t\t\t\t\t\t\t<div class=\"elementor-spacer\">\n\t\t\t<div class=\"elementor-spacer-inner\"><\/div>\n\t\t<\/div>\n\t\t\t\t\t\t<\/div>\n\t\t\t\t<\/div>\n\t\t\t\t\t<\/div>\n\t\t\t\t<\/div>\n\t\t<div class=\"elementor-element elementor-element-a652915 e-flex e-con-boxed e-con e-parent\" data-id=\"a652915\" data-element_type=\"container\">\n\t\t\t\t\t<div class=\"e-con-inner\">\n\t\t\t\t<div class=\"elementor-element elementor-element-7ac1d02 elementor-widget elementor-widget-image\" data-id=\"7ac1d02\" data-element_type=\"widget\" data-widget_type=\"image.default\">\n\t\t\t\t<div class=\"elementor-widget-container\">\n\t\t\t\t\t\t\t\t\t\t\t\t\t\t\t<img fetchpriority=\"high\" decoding=\"async\" width=\"1100\" height=\"300\" src=\"https:\/\/surt.org\/wp-content\/uploads\/2024\/09\/30-anys-fent-vincle_1100x300-1.png\" class=\"attachment-full size-full wp-image-26601\" alt=\"\" srcset=\"https:\/\/surt.org\/wp-content\/uploads\/2024\/09\/30-anys-fent-vincle_1100x300-1.png 1100w, https:\/\/surt.org\/wp-content\/uploads\/2024\/09\/30-anys-fent-vincle_1100x300-1-300x82.png 300w, https:\/\/surt.org\/wp-content\/uploads\/2024\/09\/30-anys-fent-vincle_1100x300-1-1024x279.png 1024w, https:\/\/surt.org\/wp-content\/uploads\/2024\/09\/30-anys-fent-vincle_1100x300-1-18x5.png 18w\" sizes=\"(max-width: 1100px) 100vw, 1100px\" \/>\t\t\t\t\t\t\t\t\t\t\t\t\t\t\t<\/div>\n\t\t\t\t<\/div>\n\t\t\t\t\t<\/div>\n\t\t\t\t<\/div>\n\t\t<div class=\"elementor-element elementor-element-6ec1e070 e-flex e-con-boxed e-con e-parent\" data-id=\"6ec1e070\" data-element_type=\"container\">\n\t\t\t\t\t<div class=\"e-con-inner\">\n\t\t\t\t<div class=\"elementor-element elementor-element-30470dc0 elementor-widget elementor-widget-spacer\" data-id=\"30470dc0\" data-element_type=\"widget\" data-widget_type=\"spacer.default\">\n\t\t\t\t<div class=\"elementor-widget-container\">\n\t\t\t\t\t\t\t<div class=\"elementor-spacer\">\n\t\t\t<div class=\"elementor-spacer-inner\"><\/div>\n\t\t<\/div>\n\t\t\t\t\t\t<\/div>\n\t\t\t\t<\/div>\n\t\t\t\t<div class=\"elementor-element elementor-element-3d5822b elementor-widget elementor-widget-text-editor\" data-id=\"3d5822b\" data-element_type=\"widget\" data-widget_type=\"text-editor.default\">\n\t\t\t\t<div class=\"elementor-widget-container\">\n\t\t\t\t\t\t\t\t\t<p>En 2023 celebramos el 30 aniversario de la Fundaci\u00f3n SURT. Bajo el lema\u00a0\u201c30 a\u00f1os haciendo v\u00ednculo\u201d, la entidad reivindica sus or\u00edgenes y reafirma el compromiso con el empoderamiento de las mujeres en el presente y en el futuro. Te invitamos a descubrir el recorrido de la entidad:<\/p>\t\t\t\t\t\t\t\t<\/div>\n\t\t\t\t<\/div>\n\t\t\t\t<div class=\"elementor-element elementor-element-17acbea elementor-widget elementor-widget-spacer\" data-id=\"17acbea\" data-element_type=\"widget\" data-widget_type=\"spacer.default\">\n\t\t\t\t<div class=\"elementor-widget-container\">\n\t\t\t\t\t\t\t<div class=\"elementor-spacer\">\n\t\t\t<div class=\"elementor-spacer-inner\"><\/div>\n\t\t<\/div>\n\t\t\t\t\t\t<\/div>\n\t\t\t\t<\/div>\n\t\t\t\t\t<\/div>\n\t\t\t\t<\/div>\n\t\t<div class=\"elementor-element elementor-element-2f6c6fe e-flex e-con-boxed e-con e-parent\" data-id=\"2f6c6fe\" data-element_type=\"container\">\n\t\t\t\t\t<div class=\"e-con-inner\">\n\t\t<div class=\"elementor-element elementor-element-987fc91 e-con-full e-flex e-con e-child\" data-id=\"987fc91\" data-element_type=\"container\" data-settings=\"{&quot;background_background&quot;:&quot;classic&quot;}\">\n\t\t\t\t<div class=\"elementor-element elementor-element-997c483 elementor-widget elementor-widget-text-editor\" data-id=\"997c483\" data-element_type=\"widget\" data-widget_type=\"text-editor.default\">\n\t\t\t\t<div class=\"elementor-widget-container\">\n\t\t\t\t\t\t\t\t\t<p style=\"text-align: center;\"><span style=\"color: #ffffff;\"><a style=\"color: #ffffff;\" href=\"https:\/\/sites.google.com\/view\/surt-30-anys-passat\/inicio\"><strong>RECORDAMOS EL ORIGEN<\/strong><\/a><\/span><\/p><p style=\"text-align: center;\">Traspasar aprendizajes del movimiento feminista al acompa\u00f1amiento de las mujeres expuestas a mayor vulnerabilidad<\/p>\t\t\t\t\t\t\t\t<\/div>\n\t\t\t\t<\/div>\n\t\t\t\t<\/div>\n\t\t<div class=\"elementor-element elementor-element-964e0c9 e-con-full e-flex e-con e-child\" data-id=\"964e0c9\" data-element_type=\"container\" data-settings=\"{&quot;background_background&quot;:&quot;classic&quot;}\">\n\t\t\t\t<div class=\"elementor-element elementor-element-5bf3983 elementor-widget elementor-widget-text-editor\" data-id=\"5bf3983\" data-element_type=\"widget\" data-widget_type=\"text-editor.default\">\n\t\t\t\t<div class=\"elementor-widget-container\">\n\t\t\t\t\t\t\t\t\t<p style=\"text-align: center;\"><a href=\"https:\/\/sites.google.com\/view\/surtpresent\/inicio\"><span style=\"color: #ffffff;\"><b>UNA MIRADA AL PRESENTE<\/b><\/span><\/a><\/p><p style=\"text-align: center;\">Feminismo para la acci\u00f3n social: desarrollar la atenci\u00f3n y defender una agenda<\/p>\t\t\t\t\t\t\t\t<\/div>\n\t\t\t\t<\/div>\n\t\t\t\t<\/div>\n\t\t<div class=\"elementor-element elementor-element-62a6ac2 e-con-full e-flex e-con e-child\" data-id=\"62a6ac2\" data-element_type=\"container\" data-settings=\"{&quot;background_background&quot;:&quot;classic&quot;}\">\n\t\t\t\t<div class=\"elementor-element elementor-element-d8e9012 elementor-widget elementor-widget-text-editor\" data-id=\"d8e9012\" data-element_type=\"widget\" data-widget_type=\"text-editor.default\">\n\t\t\t\t<div class=\"elementor-widget-container\">\n\t\t\t\t\t\t\t\t\t<p style=\"text-align: center;\"><a href=\"https:\/\/sites.google.com\/view\/surt-futur\/inicio\"><span style=\"color: #ffffff;\"><b>ATENTAS AL FUTURO<\/b><\/span><\/a><\/p><p style=\"text-align: center;\">Continuar siendo una herramienta para la transformaci\u00f3n social: de la acci\u00f3n con perspectiva de g\u00e9nero al ecofeminismo<\/p>\t\t\t\t\t\t\t\t<\/div>\n\t\t\t\t<\/div>\n\t\t\t\t<\/div>\n\t\t\t\t\t<\/div>\n\t\t\t\t<\/div>\n\t\t<div class=\"elementor-element elementor-element-3f671a8 e-flex e-con-boxed e-con e-parent\" data-id=\"3f671a8\" data-element_type=\"container\">\n\t\t\t\t\t<div class=\"e-con-inner\">\n\t\t\t\t<div class=\"elementor-element elementor-element-0b1ff58 elementor-widget elementor-widget-spacer\" data-id=\"0b1ff58\" data-element_type=\"widget\" data-widget_type=\"spacer.default\">\n\t\t\t\t<div class=\"elementor-widget-container\">\n\t\t\t\t\t\t\t<div class=\"elementor-spacer\">\n\t\t\t<div class=\"elementor-spacer-inner\"><\/div>\n\t\t<\/div>\n\t\t\t\t\t\t<\/div>\n\t\t\t\t<\/div>\n\t\t\t\t\t<\/div>\n\t\t\t\t<\/div>\n\t\t\t\t<\/div>","protected":false},"excerpt":{"rendered":"<p>En 2023 celebramos el 30 aniversario de la Fundaci\u00f3n SURT. Bajo el lema\u00a0\u201c30 a\u00f1os haciendo v\u00ednculo\u201d, la entidad reivindica sus or\u00edgenes y reafirma el compromiso con el empoderamiento de las mujeres en el presente y en el futuro. Te invitamos a descubrir el recorrido de la entidad: RECORDAMOS EL ORIGEN Traspasar aprendizajes del movimiento feminista [&hellip;]<\/p>","protected":false},"author":1,"featured_media":13175,"parent":0,"menu_order":0,"comment_status":"closed","ping_status":"closed","template":"","meta":{"footnotes":""},"class_list":["post-26608","page","type-page","status-publish","has-post-thumbnail","hentry"],"_links":{"self":[{"href":"https:\/\/surt.org\/es\/wp-json\/wp\/v2\/pages\/26608","targetHints":{"allow":["GET"]}}],"collection":[{"href":"https:\/\/surt.org\/es\/wp-json\/wp\/v2\/pages"}],"about":[{"href":"https:\/\/surt.org\/es\/wp-json\/wp\/v2\/types\/page"}],"author":[{"embeddable":true,"href":"https:\/\/surt.org\/es\/wp-json\/wp\/v2\/users\/1"}],"replies":[{"embeddable":true,"href":"https:\/\/surt.org\/es\/wp-json\/wp\/v2\/comments?post=26608"}],"version-history":[{"count":4,"href":"https:\/\/surt.org\/es\/wp-json\/wp\/v2\/pages\/26608\/revisions"}],"predecessor-version":[{"id":26616,"href":"https:\/\/surt.org\/es\/wp-json\/wp\/v2\/pages\/26608\/revisions\/26616"}],"wp:featuredmedia":[{"embeddable":true,"href":"https:\/\/surt.org\/es\/wp-json\/wp\/v2\/media\/13175"}],"wp:attachment":[{"href":"https:\/\/surt.org\/es\/wp-json\/wp\/v2\/media?parent=26608"}],"curies":[{"name":"wp","href":"https:\/\/api.w.org\/{rel}","templated":true}]}}