{"id":25458,"date":"2024-08-28T17:36:26","date_gmt":"2024-08-28T15:36:26","guid":{"rendered":"https:\/\/devsurt.lana2.net\/?page_id=25458"},"modified":"2024-08-28T17:36:27","modified_gmt":"2024-08-28T15:36:27","slug":"politica-cookies","status":"publish","type":"page","link":"https:\/\/surt.org\/es\/politica-cookies\/","title":{"rendered":"Pol\u00edtica de cookies"},"content":{"rendered":"<div style=\"height:300px\" aria-hidden=\"true\" class=\"wp-block-spacer\"><\/div>\n\n\n\n<h2 class=\"wp-block-heading\">Pol\u00edtica de cookies y almacenamiento local<\/h2>\n\n\n\n<p>Este sitio web utiliza cookies y tecnolog\u00edas similares para proporcionar el servicio, as\u00ed como permitirnos mejorarlo, a trav\u00e9s de la obtenci\u00f3n de estad\u00edsticas sobre su uso, y otras finalidades.<\/p>\n\n\n\n<p>Navegar por esta web implica necesariamente la utilizaci\u00f3n de cookies y tecnolog\u00edas similares siempre y cuando sea necesario para su funcionamiento. Asimismo, para ciertas finalidades, las cookies y el almacenamiento local estar\u00e1n sujetas a su previo consentimiento. Puede aceptar o rechazar las cookies mediante el sistema de configuraci\u00f3n establecido y tambi\u00e9n es posible configurar el navegador para impedir su uso.<\/p>\n\n\n\n<p>Esta pol\u00edtica forma parte de nuestra pol\u00edtica de privacidad e incluye lo siguiente:<\/p>\n\n\n\n<ul class=\"wp-block-list\">\n<li>\u00bfQu\u00e9 son las cookies?<\/li>\n\n\n\n<li>\u00bfPara qu\u00e9 se usan las cookies?<\/li>\n\n\n\n<li>\u00bfQu\u00e9 entendemos por tecnolog\u00edas similares a las cookies?<\/li>\n\n\n\n<li>\u00bfQu\u00e9 son las cookies de terceros? \u00bfQui\u00e9nes son los destinatarios de la informaci\u00f3n?<\/li>\n\n\n\n<li>\u00bfQu\u00e9 funciones y caracter\u00edsticas de terceros utilizamos en nuestro sitio web?<\/li>\n\n\n\n<li>\u00bfDurante cu\u00e1nto tiempo se mantienen activas las cookies o tecnolog\u00edas similares?<\/li>\n\n\n\n<li>Uso de navegadores con modo de navegaci\u00f3n privada<\/li>\n\n\n\n<li>\u00bfC\u00f3mo impedir el uso de cookies y c\u00f3mo borrarlas?<\/li>\n\n\n\n<li>Informaci\u00f3n detallada sobre las cookies utilizadas por este sitio web<\/li>\n<\/ul>\n\n\n\n<h3 class=\"wp-block-heading\">\u00bfQu\u00e9 son las cookies?<\/h3>\n\n\n\n<p>Las \u201ccookies\u201d son peque\u00f1os ficheros temporales que se crean en el dispositivo del usuario (ordenador, tel\u00e9fono, tableta, etc.) cuando visita una web, y que permiten a la misma almacenar o recuperar informaci\u00f3n cuando navega, por ejemplo, para guardar sus preferencias de uso o para reconocerlo en posteriores visitas, as\u00ed como obtener informaci\u00f3n sobre sus h\u00e1bitos de navegaci\u00f3n.<\/p>\n\n\n\n<p>Cuando una web crea una cookie en el dispositivo del usuario, se almacena la direcci\u00f3n\/dominio de la web que ha creado la cookie, la duraci\u00f3n de la cookie que puede ir de escasos minutos a varios a\u00f1os, as\u00ed como el contenido de la cookie. El usuario puede deshabilitar las cookies en todo momento mediante el sistema de configuraci\u00f3n de este sitio web, as\u00ed como configurar su programa de navegaci\u00f3n para impedir (bloquear) el uso de cookies por parte de determinadas webs, as\u00ed como borrar las cookies almacenadas previamente.<\/p>\n\n\n\n<h3 class=\"wp-block-heading\">\u00bfPara qu\u00e9 se usan las cookies?<\/h3>\n\n\n\n<p>Los usos o finalidades m\u00e1s habituales son:<\/p>\n\n\n\n<ul class=\"wp-block-list\">\n<li><strong>Cookies t\u00e9cnicas esenciales<\/strong>. Se utilizan para gestionar el flujo de navegaci\u00f3n dentro de la web o para mantener al usuario conectado a la misma. Al deshabilitarlas, es posible que alg\u00fan apartado de la web no funcione correctamente.<\/li>\n\n\n\n<li><strong>Cookies de personalizaci\u00f3n<\/strong>. Necesarias para recordar determinadas preferencias del usuario.<\/li>\n\n\n\n<li><strong>Cookies anal\u00edticas<\/strong>. Nos ayudan a nosotros y a terceros a recopilar informaci\u00f3n de la procedencia de los usuarios y su navegaci\u00f3n dentro de la web, a efectos de realizar un an\u00e1lisis estad\u00edstico para poder mejorar la estructura y los contenidos.<\/li>\n\n\n\n<li><strong>Cookies publicitarias<\/strong>. Utilizadas para gestionar los anuncios que aparecen en la web, decidir el contenido o la frecuencia de los anuncios.<\/li>\n\n\n\n<li><strong>Cookies publicitarias comportamentales<\/strong>. Ayudan a recopilar los h\u00e1bitos de navegaci\u00f3n del usuario para crear un perfil de sus intereses y para mostrarle anuncios adaptados a los mismos.<\/li>\n\n\n\n<li><strong>Cookies para compartici\u00f3n social<\/strong>. Son necesarias para identificar al usuario en sus redes sociales y as\u00ed permitirle compartir contenidos.<\/li>\n<\/ul>\n\n\n\n<h3 class=\"wp-block-heading\">\u00bfQu\u00e9 entendemos por tecnolog\u00edas similares a las cookies?<\/h3>\n\n\n\n<p>Se entiende por tecnolog\u00edas similares cualquier tipo de mecanismo de almacenamiento y recuperaci\u00f3n de datos que se utilice en el dispositivo del usuario para obtener informaci\u00f3n. Las m\u00e1s habituales incluyen:<\/p>\n\n\n\n<ul class=\"wp-block-list\">\n<li><strong>El almacenamiento local del navegador<\/strong>. Algunas webs utilizan almacenamientos locales llamados \u201csessionStorage\u201d y \u201clocalStorage\u201d, as\u00ed como la base de datos indexada del navegador, para guardar informaci\u00f3n;<\/li>\n\n\n\n<li><strong>El almacenamiento local de los complementos del navegador<\/strong>, como por ejemplo el almacenamiento local de Flash (\u201cFlash Local Shared Objects\u201d) o el almacenamiento local de Silverlight (\u201cIsolated Objects\u201d).<\/li>\n\n\n\n<li>El \u201c<strong>web beacon<\/strong>\u201d es una t\u00e9cnica de rastreo que consiste en insertar en una p\u00e1gina web (o en un correo electr\u00f3nico) una imagen alojada en un servidor de Internet de forma que, cuando el navegador o programa de correo se conecta a dicho servidor para descargar y visualizar la imagen, la conexi\u00f3n queda registrada. Ello permite conocer que el usuario ha visualizado la p\u00e1gina web o el correo. A veces esta imagen es muy peque\u00f1a o transparente de forma que el usuario no se percata de su existencia.<\/li>\n\n\n\n<li>Las t\u00e9cnicas de \u201c<strong>fingerprinting<\/strong>\u201d que combinan informaci\u00f3n obtenida del navegador o del equipo de navegaci\u00f3n para distinguir a un usuario en sus sucesivas visitas distintos sitios web.<\/li>\n<\/ul>\n\n\n\n<h3 class=\"wp-block-heading\">\u00bfQu\u00e9 son las cookies de terceros? \u00bfQui\u00e9nes son los destinatarios de la informaci\u00f3n?<\/h3>\n\n\n\n<p>Las cookies de esta web se pueden clasificar, en funci\u00f3n de qui\u00e9n las crea, en dos categor\u00edas:<\/p>\n\n\n\n<ul class=\"wp-block-list\">\n<li><strong>Cookies propias<\/strong>: se crean y manejan desde nuestros sitios y dominios web, siendo la informaci\u00f3n obtenida gestionada directa o indirectamente por nosotros para nuestras propias finalidades.<\/li>\n\n\n\n<li><strong>Cookies de terceros<\/strong>: son las cookies que se crean y se manejan desde otros sitios web que, aunque no est\u00e1n completamente bajo nuestro control, proporcionan funciones y caracter\u00edsticas que hemos decidir incluir en nuestra web, como, por ejemplo: mapas interactivos, v\u00eddeos y elementos multimedia, botones para compartir en redes sociales, anuncios, etc. Estas cookies est\u00e1n bajo el control del tercero que proporciona la funci\u00f3n correspondiente.<\/li>\n<\/ul>\n\n\n\n<p>La gran mayor\u00eda de las funciones de terceros implican el acceso o recopilaci\u00f3n de informaci\u00f3n (y el uso de cookies) por parte del tercero que proporciona la funci\u00f3n, en base a sus propios criterios y finalidades, incluyendo la recopilaci\u00f3n sobre los h\u00e1bitos de navegaci\u00f3n para mostrarle publicidad personalizada. En el siguiente apartado se indican las funciones y caracter\u00edsticas de terceros utilizadas en esta p\u00e1gina web.<\/p>\n\n\n\n<h3 class=\"wp-block-heading\">\u00bfQu\u00e9 funciones y caracter\u00edsticas de terceros utilizamos en nuestro sitio web?<\/h3>\n\n\n\n<p>A continuaci\u00f3n, se proporciona una tabla resumen de las funciones y caracter\u00edsticas prove\u00eddos por terceros en nuestra p\u00e1gina web que implican la utilizaci\u00f3n de cookies.<\/p>\n\n\n\n<figure class=\"wp-block-table\"><table class=\"has-fixed-layout\"><tbody><tr><td><strong>Funci\u00f3n o caracter\u00edstica<\/strong><\/td><td><strong>Tercero proveedor de la funci\u00f3n o caracter\u00edstica<\/strong><\/td><td><strong>Implica la transferencia internacional de datos<\/strong><\/td><td><strong>Pol\u00edtica de privacidad y garant\u00edas del tercero proveedor<\/strong><\/td><\/tr><tr><td>Google Analytics<\/td><td>Google, Inc<\/td><td>S\u00ed<\/td><td>https:\/\/www.google.com\/analytics\/learn\/privacy.html?hl=es<\/td><\/tr><tr><td>Google Maps, Youtube<\/td><td>Google, Inc<\/td><td>S\u00ed<\/td><td>http:\/\/www.google.com\/intl\/es_es\/policies\/privacy\/<\/td><\/tr><tr><td>Funciones sociales de Facebook<\/td><td>Facebook, Inc<\/td><td>S\u00ed<\/td><td>https:\/\/es-es.facebook.com\/about\/privacy<\/td><\/tr><tr><td>Funciones sociales de Twitter<\/td><td>Twitter, Inc<\/td><td>S\u00ed<\/td><td>https:\/\/twitter.com\/privacy<\/td><\/tr><tr><td>Funciones sociales de Instagram<\/td><td>Instagram, LLC<\/td><td>S\u00ed<\/td><td>https:\/\/instagram.com\/about\/legal\/privacy\/<\/td><\/tr><tr><td>Funciones sociales de Telegram<\/td><td>Telegram Messenger, Inc.<\/td><td>S\u00ed<\/td><td>https:\/\/telegram.org\/privacy<\/td><\/tr><tr><td>Funciones sociales de Linkedin<\/td><td>LinkedIn Ireland \/ LinkedIn Corporation<\/td><td>S\u00ed<\/td><td>https:\/\/www.linkedin.com\/legal\/cookie-policy<\/td><\/tr><\/tbody><\/table><\/figure>\n\n\n\n<h3 class=\"wp-block-heading\">\u00bfDurante cu\u00e1nto tiempo se mantienen activas las cookies o tecnolog\u00edas similares?<\/h3>\n\n\n\n<p>En funci\u00f3n de su permanencia o tiempo de actividad, podemos diferenciar entre:<\/p>\n\n\n\n<ul class=\"wp-block-list\">\n<li><strong>Cookies temporales de sesi\u00f3n<\/strong>; permanecen almacenadas en el equipo de navegaci\u00f3n hasta que el usuario abandona la p\u00e1gina web; el navegador las borra al terminar la sesi\u00f3n de navegaci\u00f3n.<\/li>\n\n\n\n<li><strong>Cookies persistentes<\/strong>; permanecen en el equipo de navegaci\u00f3n y la web las lee cada vez que el usuario realiza una nueva visita. Estas cookies se borran autom\u00e1ticamente pasado cierto plazo de tiempo, que puede ser corto o muy largo.<\/li>\n<\/ul>\n\n\n\n<p>En esta pol\u00edtica se incluye informaci\u00f3n sobre la duraci\u00f3n de las cookies; para m\u00e1s informaci\u00f3n, consulte nuestra pol\u00edtica de privacidad, as\u00ed como la informaci\u00f3n proporcionada en las pol\u00edticas de privacidad de los terceros proveedores de funciones web.<\/p>\n\n\n\n<h3 class=\"wp-block-heading\">Uso de navegadores con modo de navegaci\u00f3n privada<\/h3>\n\n\n\n<p>Si desea usar esta web con mayor grado de privacidad y limitando que las cookies queden almacenadas por plazos largos de tiempo, recomendamos que utilice un navegador web que disponga de una opci\u00f3n de navegaci\u00f3n \u201cprivada\u201d. Puede obtener informaci\u00f3n sobre esta posibilidad en las p\u00e1ginas de ayuda de los navegadores m\u00e1s comunes:<\/p>\n\n\n\n<figure class=\"wp-block-table\"><table class=\"has-fixed-layout\"><tbody><tr><td>Navegador<\/td><td>Nombre de la funci\u00f3n de navegaci\u00f3n privada<\/td><td>Obtener m\u00e1s informaci\u00f3n<\/td><\/tr><tr><td>Internet Explorer 8 y superiorMicrosoft Edge<\/td><td>InPrivate<\/td><td>https:\/\/support.microsoft.com\/es-es\/products\/internet-explorer (Explorer)https:\/\/support.microsoft.com\/es-es\/instantanswers\/34b9a3a6-68bc-510b-2a9e-833107495ee5\/browse-inprivate-in-microsoft-edge (Microsoft Edge)<\/td><\/tr><tr><td>Safari 2 y superior<\/td><td>Navegaci\u00f3n privada<\/td><td>https:\/\/support.apple.com\/es-es\/HT203036<\/td><\/tr><tr><td>Opera 10.5 y superior<\/td><td>Navegaci\u00f3n privada<\/td><td>http:\/\/help.opera.com\/Windows\/12.00\/es-ES\/private.html<\/td><\/tr><tr><td>FireFox 3.5 y superior<\/td><td>Navegaci\u00f3n privada<\/td><td>https:\/\/support.mozilla.org\/es\/kb\/navegacion-privada-Firefox-no-guardar-historial-navegacion<\/td><\/tr><tr><td>Google Chrome 10 y superior<\/td><td>Modo inc\u00f3gnito<\/td><td>https:\/\/support.google.com\/chrome\/answer\/7005900?rd=1<\/td><\/tr><\/tbody><\/table><\/figure>\n\n\n\n<h3 class=\"wp-block-heading\">\u00bfC\u00f3mo impedir el uso de cookies y c\u00f3mo borrarlas?<\/h3>\n\n\n\n<p>Puede configurar sus preferencias en cualquier momento mediante el sistema de configuraci\u00f3n de cookies integrado en el banner de cookies.<\/p>\n\n\n\n<p>La mayor\u00eda de navegadores permiten desactivar globalmente las cookies. Muchos navegadores tambi\u00e9n permiten borrar las cookies asociadas a webs\/dominios concretos. Para ello el usuario debe consultar la ayuda de su navegador. A continuaci\u00f3n, se incluyen enlaces a las p\u00e1ginas de ayuda de los navegadores m\u00e1s habituales para conocer la configuraci\u00f3n de cookies en cada uno:<\/p>\n\n\n\n<ul class=\"wp-block-list\">\n<li>Chrome:\u00a0<a href=\"https:\/\/support.google.com\/chrome\/answer\/95647?hl=es\">https:\/\/support.google.com\/chrome\/answer\/95647?hl=es<\/a><\/li>\n\n\n\n<li>Explorer:\u00a0<a href=\"https:\/\/support.microsoft.com\/es-es\/help\/17442\/windows-internet-explorer-delete-manage-cookies\">https:\/\/support.microsoft.com\/es-es\/help\/17442\/windows-internet-explorer-delete-manage-cookies<\/a><\/li>\n\n\n\n<li>Microsoft Edge: https:\/\/privacy.microsoft.com\/es-ES\/windows-10-microsoft-edge-and-privacy<\/li>\n\n\n\n<li>Firefox:\u00a0<a href=\"https:\/\/support.mozilla.org\/es\/kb\/habilitar-y-deshabilitar-cookies-sitios-web-rastrear-preferencias\">https:\/\/support.mozilla.org\/es\/kb\/habilitar-y-deshabilitar-cookies-sitios-web-rastrear-preferencias<\/a><\/li>\n\n\n\n<li>Safari:\u00a0<a href=\"https:\/\/support.apple.com\/kb\/PH17191?viewlocale=es_ES&amp;locale=es_ES\">https:\/\/support.apple.com\/kb\/PH17191?viewlocale=es_ES&amp;locale=es_ES<\/a><\/li>\n\n\n\n<li>Safari para IOS:\u00a0<a href=\"https:\/\/support.apple.com\/es-es\/HT201265\">https:\/\/support.apple.com\/es-es\/HT201265<\/a><\/li>\n\n\n\n<li>Opera:\u00a0<a href=\"http:\/\/www.opera.com\/es\/help\">http:\/\/www.opera.com\/es\/help<\/a><\/li>\n<\/ul>\n\n\n\n<p>Para borrar los datos guardados en el almacenamiento local del navegador, el usuario puede borrar el historial de navegaci\u00f3n.<\/p>\n\n\n\n<p>Para otros navegadores, as\u00ed como para cualquier aclaraci\u00f3n o pregunta sobre las cookies de esta web, puede contactarnos por correo electr\u00f3nico, escribiendo a&nbsp;<a href=\"mailto:comunicacio@surt.org\">comunicacio@surt.org<\/a><\/p>\n\n\n\n<p>Aviso importante: en caso de bloquear las cookies es posible que determinados servicios o funcionalidades de la web no funcionen correctamente.<\/p>\n\n\n\n<h3 class=\"wp-block-heading\">Informaci\u00f3n detallada sobre las cookies utilizadas por este sitio web<\/h3>\n\n\n\n<p>Informaci\u00f3n sobre las cookies propias:<\/p>\n\n\n\n<figure class=\"wp-block-table\"><table class=\"has-fixed-layout\"><tbody><tr><td><strong>Funci\u00f3n o caracter\u00edstica<\/strong><\/td><td><strong>Cookies y tecnolog\u00eda empleada<\/strong><\/td><td><strong>Dominio web<\/strong><\/td><td><strong>Duraci\u00f3n de la informaci\u00f3n almacenada<\/strong><\/td><td><strong>Tipos de finalidad<\/strong><\/td><\/tr><tr><td>Mantener la sesi\u00f3n del usuario y flujo de navegaci\u00f3n<\/td><td>Cookies temporales<\/td><td>surt.org<\/td><td>Mientras dure la navegaci\u00f3n<\/td><td>Cookies t\u00e9cnicas esenciales&nbsp;<\/td><\/tr><tr><td>Cookies necesarias para para recordar determinadas preferencias del usuario<\/td><td>Cookies persistentes y\/o almacenamiento local<\/td><td>surt.org<\/td><td>Meses<\/td><td>Cookies t\u00e9cnicas esencialesCookies de personalizaci\u00f3n<\/td><\/tr><tr><td>Cookies para para mantener al usuario conectado<\/td><td>Cookies persistentes y\/o almacenamiento local<\/td><td>surt.org<\/td><td>Meses<\/td><td>Cookies t\u00e9cnicas esencialesCookies de personalizaci\u00f3n<\/td><\/tr><\/tbody><\/table><\/figure>\n\n\n\n<p>Informaci\u00f3n sobre las cookies de terceros:<\/p>\n\n\n\n<figure class=\"wp-block-table\"><table class=\"has-fixed-layout\"><tbody><tr><td><strong>Funci\u00f3n o caracter\u00edstica (y qui\u00e9n la proporciona)<\/strong><\/td><td><strong>Cookies y tecnolog\u00eda empleada<\/strong><\/td><td><strong>Dominio web<\/strong><\/td><td><strong>Duraci\u00f3n de la informaci\u00f3n almacenada<\/strong><\/td><td><strong>Tipos de finalidad<\/strong><\/td><\/tr><tr><td>Google Analytics (Google, Inc.)<\/td><td>Cookies temporales y persistentes (__utma, __utmb, __utmc, __utmz, __utmv, _ ga)Almacenamiento local del navegador&nbsp;<\/td><td>google.com<\/td><td>A\u00f1os<\/td><td>Anal\u00edticas&nbsp;<\/td><\/tr><tr><td>Funciones de Google (Google Maps, YouTube, +1, Google Remarketing, Google Translate, etc) (Google, Inc.)<\/td><td>Cookies temporales y persistentes (VISITOR_INFO1_LIVE, PREF, YSC, etc).Almacenamiento local del navegador<\/td><td>googleusercontent.com, google.es, google.com, doubleclick.net, invitemedia.com, admeld.com, googlesyndication.com, googleadservices.com, youtube.com, youtube.es, ytimg.com, etc<\/td><td>A\u00f1os<\/td><td>RastreoPublicidad comportamentalLocalizaci\u00f3nCompartici\u00f3n en redes sociales&nbsp;<\/td><\/tr><tr><td>Funciones de compartici\u00f3n social en Facebook: bot\u00f3n Me Gusta, etc. (Facebook, Inc.)<\/td><td>Cookies temporales y persistentes (datr, reg_fb_gate, reg_fb_ref and reg_fb_ext, wd, c_user, lu, sct, xs, x-referer, presence, p, locale, lsd, _e_*, fr, sub, etc).Almacenamiento local del navegador.<\/td><td>facebook.com<\/td><td>A\u00f1os<\/td><td>RastreoPublicidad comportamentalLocalizaci\u00f3nCompartici\u00f3n en redes sociales&nbsp;<\/td><\/tr><tr><td>Funciones de compartici\u00f3n social en Twitter (Twitter, Inc.)<\/td><td>Cookies temporales y persistentes.Almacenamiento local del navegador.<\/td><td>*.twitter.comsyndication.twitter.com*.twimg.comcdn.syndication.twimg.com&nbsp;<\/td><td>A\u00f1os<\/td><td>RastreoPublicidad comportamentalLocalizaci\u00f3nCompartici\u00f3n en redes sociales&nbsp;<\/td><\/tr><tr><td>Funciones de compartici\u00f3n social en Instagram (Instagram, LLC)<\/td><td>Cookies temporales y persistentes.Almacenamiento local del navegador.<\/td><td>instagram.com, cdninstagram.com, scontent.cdninstagram.com, etc.<\/td><td>A\u00f1os<\/td><td>RastreoPublicidad comportamentalLocalizaci\u00f3nCompartici\u00f3n en redes sociales&nbsp;<\/td><\/tr><tr><td>Funciones de compartici\u00f3n social en Telegram (Telegram Messenger, Inc)<\/td><td>Cookies temporales y persistentes.Almacenamiento local del navegador.<\/td><td>telegram.org<\/td><td>A\u00f1os<\/td><td>RastreoPublicidad comportamentalLocalizaci\u00f3nCompartici\u00f3n en redes sociales&nbsp;<\/td><\/tr><tr><td>Funciones de compartici\u00f3n social en LinkedIn (LinkedIn Ireland \/ LinkedIn Corporation)<\/td><td>Cookies temporales y persistentes.Almacenamiento local del navegador.<\/td><td>linkedin.com,etc.<\/td><td>A\u00f1os<\/td><td>RastreoPublicidad comportamentalLocalizaci\u00f3nCompartici\u00f3n en redes sociales&nbsp;<\/td><\/tr><\/tbody><\/table><\/figure>\n\n\n\n<p><em>NOTA: la informaci\u00f3n ofrecida es en fecha 21-02-2022 y le informamos que con el paso del tiempo puede no resultar exhaustiva, a pesar de que peri\u00f3dicamente la presente pol\u00edtica de cookies es revisada.<\/em><\/p>","protected":false},"excerpt":{"rendered":"<p>Pol\u00edtica de cookies y almacenamiento local Este sitio web utiliza cookies y tecnolog\u00edas similares para proporcionar el servicio, as\u00ed como permitirnos mejorarlo, a trav\u00e9s de la obtenci\u00f3n de estad\u00edsticas sobre su uso, y otras finalidades. Navegar por esta web implica necesariamente la utilizaci\u00f3n de cookies y tecnolog\u00edas similares siempre y cuando sea necesario para su [&hellip;]<\/p>","protected":false},"author":1,"featured_media":0,"parent":0,"menu_order":0,"comment_status":"closed","ping_status":"closed","template":"","meta":{"footnotes":""},"class_list":["post-25458","page","type-page","status-publish","hentry"],"_links":{"self":[{"href":"https:\/\/surt.org\/es\/wp-json\/wp\/v2\/pages\/25458","targetHints":{"allow":["GET"]}}],"collection":[{"href":"https:\/\/surt.org\/es\/wp-json\/wp\/v2\/pages"}],"about":[{"href":"https:\/\/surt.org\/es\/wp-json\/wp\/v2\/types\/page"}],"author":[{"embeddable":true,"href":"https:\/\/surt.org\/es\/wp-json\/wp\/v2\/users\/1"}],"replies":[{"embeddable":true,"href":"https:\/\/surt.org\/es\/wp-json\/wp\/v2\/comments?post=25458"}],"version-history":[{"count":1,"href":"https:\/\/surt.org\/es\/wp-json\/wp\/v2\/pages\/25458\/revisions"}],"predecessor-version":[{"id":25459,"href":"https:\/\/surt.org\/es\/wp-json\/wp\/v2\/pages\/25458\/revisions\/25459"}],"wp:attachment":[{"href":"https:\/\/surt.org\/es\/wp-json\/wp\/v2\/media?parent=25458"}],"curies":[{"name":"wp","href":"https:\/\/api.w.org\/{rel}","templated":true}]}}