{"id":24618,"date":"2024-08-21T18:39:18","date_gmt":"2024-08-21T16:39:18","guid":{"rendered":"https:\/\/devsurt.lana2.net\/?page_id=24618"},"modified":"2024-08-21T18:40:51","modified_gmt":"2024-08-21T16:40:51","slug":"empresas-voluntarias","status":"publish","type":"page","link":"https:\/\/surt.org\/es\/empresas-voluntarias\/","title":{"rendered":"Empresas voluntarias"},"content":{"rendered":"<div data-elementor-type=\"wp-page\" data-elementor-id=\"24618\" class=\"elementor elementor-24618\">\n\t\t\t\t<div class=\"elementor-element elementor-element-5308c0e8 elementor-hidden-tablet elementor-hidden-mobile e-flex e-con-boxed e-con e-parent\" data-id=\"5308c0e8\" data-element_type=\"container\">\n\t\t\t\t\t<div class=\"e-con-inner\">\n\t\t\t\t<div class=\"elementor-element elementor-element-52691bbb elementor-widget elementor-widget-spacer\" data-id=\"52691bbb\" data-element_type=\"widget\" data-widget_type=\"spacer.default\">\n\t\t\t\t<div class=\"elementor-widget-container\">\n\t\t\t\t\t\t\t<div class=\"elementor-spacer\">\n\t\t\t<div class=\"elementor-spacer-inner\"><\/div>\n\t\t<\/div>\n\t\t\t\t\t\t<\/div>\n\t\t\t\t<\/div>\n\t\t\t\t\t<\/div>\n\t\t\t\t<\/div>\n\t\t<div class=\"elementor-element elementor-element-11fef009 e-flex e-con-boxed e-con e-parent\" data-id=\"11fef009\" data-element_type=\"container\">\n\t\t\t\t\t<div class=\"e-con-inner\">\n\t\t<div class=\"elementor-element elementor-element-42b1170f e-con-full e-flex e-con e-child\" data-id=\"42b1170f\" data-element_type=\"container\">\n\t\t\t\t<div class=\"elementor-element elementor-element-3233ab8f elementor-widget elementor-widget-image\" data-id=\"3233ab8f\" data-element_type=\"widget\" data-widget_type=\"image.default\">\n\t\t\t\t<div class=\"elementor-widget-container\">\n\t\t\t\t\t\t\t\t\t\t\t\t\t\t\t<img fetchpriority=\"high\" decoding=\"async\" width=\"567\" height=\"397\" src=\"https:\/\/surt.org\/wp-content\/uploads\/2024\/08\/target-voluntariat-nou2-1.png\" class=\"attachment-full size-full wp-image-24588\" alt=\"\" srcset=\"https:\/\/surt.org\/wp-content\/uploads\/2024\/08\/target-voluntariat-nou2-1.png 567w, https:\/\/surt.org\/wp-content\/uploads\/2024\/08\/target-voluntariat-nou2-1-300x210.png 300w, https:\/\/surt.org\/wp-content\/uploads\/2024\/08\/target-voluntariat-nou2-1-18x12.png 18w\" sizes=\"(max-width: 567px) 100vw, 567px\" \/>\t\t\t\t\t\t\t\t\t\t\t\t\t\t\t<\/div>\n\t\t\t\t<\/div>\n\t\t\t\t<\/div>\n\t\t<div class=\"elementor-element elementor-element-5f0319f e-con-full e-flex e-con e-child\" data-id=\"5f0319f\" data-element_type=\"container\">\n\t\t\t\t<div class=\"elementor-element elementor-element-63e4510f elementor-widget elementor-widget-text-editor\" data-id=\"63e4510f\" data-element_type=\"widget\" data-widget_type=\"text-editor.default\">\n\t\t\t\t<div class=\"elementor-widget-container\">\n\t\t\t\t\t\t\t\t\t<div class=\"wpb_row vc_row vc_row-fluid mk-fullwidth-false attched-false js-master-row mk-in-viewport\"><div class=\"vc_col-sm-6 wpb_column column_container vc_custom_1491651809658 _ height-full\"><div class=\"vc_custom_1683057259296\"><div id=\"text-block-6\" class=\"mk-text-block\"><h2 class=\"the-title\">\u00bfEres una organizaci\u00f3n comprometida con los derechos de las mujeres?<\/h2><p>Te necesitamos para seguir dando pasos adelante hacia la equidad de g\u00e9nero, tan deprisa como los cuerpos y los recursos nos lo permitan.<\/p><p>Tienes varias v\u00edas para sumar fuerzas con nosotros, impulsar el empoderamiento de las mujeres y contribuir a transformar la sociedad en clave de equidad.<\/p><p>Suena gordo, pero podemos hacerlo juntas!<\/p><\/div><\/div><\/div><\/div>\t\t\t\t\t\t\t\t<\/div>\n\t\t\t\t<\/div>\n\t\t\t\t<\/div>\n\t\t\t\t\t<\/div>\n\t\t\t\t<\/div>\n\t\t<div class=\"elementor-element elementor-element-13599c60 e-flex e-con-boxed e-con e-parent\" data-id=\"13599c60\" data-element_type=\"container\">\n\t\t\t\t\t<div class=\"e-con-inner\">\n\t\t\t\t<div class=\"elementor-element elementor-element-57ddd38a elementor-widget elementor-widget-text-editor\" data-id=\"57ddd38a\" data-element_type=\"widget\" data-widget_type=\"text-editor.default\">\n\t\t\t\t<div class=\"elementor-widget-container\">\n\t\t\t\t\t\t\t\t\t<h2 class=\"the-title\"><span style=\"color: #e2007a;\">\u00bfQuieres ser una empresa solidaria?<\/span><\/h2>\t\t\t\t\t\t\t\t<\/div>\n\t\t\t\t<\/div>\n\t\t\t\t<div class=\"elementor-element elementor-element-1825cc73 elementor-widget elementor-widget-text-editor\" data-id=\"1825cc73\" data-element_type=\"widget\" data-widget_type=\"text-editor.default\">\n\t\t\t\t<div class=\"elementor-widget-container\">\n\t\t\t\t\t\t\t\t\t<div class=\"wpb_row vc_row vc_row-fluid mk-fullwidth-false attched-false js-master-row mk-in-viewport\"><div class=\"vc_col-sm-6 wpb_column column_container vc_custom_1491651809658 _ height-full\"><div class=\"vc_custom_1683057259296\"><div id=\"text-block-6\" class=\"mk-text-block\"><div class=\"vc_custom_1705937928315\"><div id=\"text-block-8\" class=\"mk-text-block\"><p>Las empresas solidarias son imprescindibles para cerrar el c\u00edrculo en los programas de inclusi\u00f3n sociolaboral de la entidad y, igualmente, son agentes clave para ampliar el alcance de nuestra acci\u00f3n social, por la capacidad humana y econ\u00f3mica que pueden aportar, y contribuir a los prop\u00f3sitos de empoderamiento y equidad de g\u00e9nero que nos proponemos.<\/p><p>Su empresa puede alinearse activamente con la defensa de los derechos de las mujeres reforzando el alcance de la acci\u00f3n de Surt, a trav\u00e9s de apoyo econ\u00f3mico, material y humano.<\/p><p><strong>Colabora con los programas de inserci\u00f3n sociolaboral<\/strong><\/p><p>Las empresas son las que deben dar sentido final al trabajo de mediar entre las necesidades de las mujeres y las necesidades del mercado. Por ello, el contacto y la intermediaci\u00f3n es una pieza clave del trabajo de empoderamiento econ\u00f3mico y la adquisici\u00f3n de herramientas para vivir con la m\u00e1xima autonom\u00eda. Ahora bien, insertar un colectivo pide invertir tiempo y dinero, y no todas las empresas tienen la misma sensibilidad. Ampliar el n\u00famero de empresas solidarias es b\u00e1sico para superar los estragos de un mercado de trabajo que cristaliza las desigualdades y resulta excluyente para las mujeres, especialmente, las migradas.<\/p><p>Para conocer c\u00f3mo participar como empresa solidaria acogiendo en pr\u00e1cticas mujeres de los programas de la entidad, contacta con el \u00e1rea de intermediaci\u00f3n al 93 342 83 80.<\/p><p><strong>Voluntariado corporativo<\/strong><\/p><p>Su equipo de trabajo puede implicarse en alguno de los proyectos de empoderamiento. Si le interesa participar aportando formaciones, apoyo log\u00edstico u otras actividades que le permitan compartir sus conocimientos y habilidades, escr\u00edbanos a\u00a0<a href=\"mailto:voluntariat@surt.org\">voluntariat@surt.org<\/a>.<\/p><p><strong>Donativos econ\u00f3micos o materiales<\/strong><\/p><p>Puede organizar actividades que le permitan recoger dinero para dedicarlos a impulsar proyectos de acci\u00f3n social orientados a defender los derechos de las mujeres.<\/p><p>Tambi\u00e9n puede hacer donativos de sus productos o, en momentos puntuales que los programas de la entidad pueden necesitarlo, organizar una recogida, por ejemplo, de juguetes o alimentos.<\/p><p>Si est\u00e1 interesadas en vincularse os, escr\u00edbanos a\u00a0<a href=\"mailto:voluntariat@surt.org\">voluntariat@surt.org<\/a>.<\/p><\/div><\/div><div class=\"vc_custom_1705937887316\"><div id=\"text-block-9\" class=\"mk-text-block\">\u00a0<\/div><\/div><\/div><\/div><\/div><\/div>\t\t\t\t\t\t\t\t<\/div>\n\t\t\t\t<\/div>\n\t\t\t\t\t<\/div>\n\t\t\t\t<\/div>\n\t\t<div class=\"elementor-element elementor-element-552bf1f4 e-flex e-con-boxed e-con e-parent\" data-id=\"552bf1f4\" data-element_type=\"container\">\n\t\t\t\t\t<div class=\"e-con-inner\">\n\t\t\t\t<div class=\"elementor-element elementor-element-6a2d6062 elementor-widget elementor-widget-spacer\" data-id=\"6a2d6062\" data-element_type=\"widget\" data-widget_type=\"spacer.default\">\n\t\t\t\t<div class=\"elementor-widget-container\">\n\t\t\t\t\t\t\t<div class=\"elementor-spacer\">\n\t\t\t<div class=\"elementor-spacer-inner\"><\/div>\n\t\t<\/div>\n\t\t\t\t\t\t<\/div>\n\t\t\t\t<\/div>\n\t\t\t\t\t<\/div>\n\t\t\t\t<\/div>\n\t\t\t\t<\/div>","protected":false},"excerpt":{"rendered":"<p>\u00bfEres una organizaci\u00f3n comprometida con los derechos de las mujeres? Te necesitamos para seguir dando pasos adelante hacia la equidad de g\u00e9nero, tan deprisa como los cuerpos y los recursos nos lo permitan. Tienes varias v\u00edas para sumar fuerzas con nosotros, impulsar el empoderamiento de las mujeres y contribuir a transformar la sociedad en clave [&hellip;]<\/p>","protected":false},"author":1,"featured_media":13175,"parent":0,"menu_order":0,"comment_status":"closed","ping_status":"closed","template":"","meta":{"footnotes":""},"class_list":["post-24618","page","type-page","status-publish","has-post-thumbnail","hentry"],"_links":{"self":[{"href":"https:\/\/surt.org\/es\/wp-json\/wp\/v2\/pages\/24618","targetHints":{"allow":["GET"]}}],"collection":[{"href":"https:\/\/surt.org\/es\/wp-json\/wp\/v2\/pages"}],"about":[{"href":"https:\/\/surt.org\/es\/wp-json\/wp\/v2\/types\/page"}],"author":[{"embeddable":true,"href":"https:\/\/surt.org\/es\/wp-json\/wp\/v2\/users\/1"}],"replies":[{"embeddable":true,"href":"https:\/\/surt.org\/es\/wp-json\/wp\/v2\/comments?post=24618"}],"version-history":[{"count":4,"href":"https:\/\/surt.org\/es\/wp-json\/wp\/v2\/pages\/24618\/revisions"}],"predecessor-version":[{"id":24623,"href":"https:\/\/surt.org\/es\/wp-json\/wp\/v2\/pages\/24618\/revisions\/24623"}],"wp:featuredmedia":[{"embeddable":true,"href":"https:\/\/surt.org\/es\/wp-json\/wp\/v2\/media\/13175"}],"wp:attachment":[{"href":"https:\/\/surt.org\/es\/wp-json\/wp\/v2\/media?parent=24618"}],"curies":[{"name":"wp","href":"https:\/\/api.w.org\/{rel}","templated":true}]}}