{"id":24600,"date":"2024-08-21T18:30:13","date_gmt":"2024-08-21T16:30:13","guid":{"rendered":"https:\/\/devsurt.lana2.net\/?page_id=24600"},"modified":"2026-02-03T13:32:58","modified_gmt":"2026-02-03T11:32:58","slug":"voluntariado","status":"publish","type":"page","link":"https:\/\/surt.org\/es\/voluntariado\/","title":{"rendered":"Voluntariado"},"content":{"rendered":"<div data-elementor-type=\"wp-page\" data-elementor-id=\"24600\" class=\"elementor elementor-24600\">\n\t\t\t\t<div class=\"elementor-element elementor-element-53eee904 elementor-hidden-tablet elementor-hidden-mobile e-flex e-con-boxed e-con e-parent\" data-id=\"53eee904\" data-element_type=\"container\">\n\t\t\t\t\t<div class=\"e-con-inner\">\n\t\t\t\t<div class=\"elementor-element elementor-element-79170372 elementor-widget elementor-widget-spacer\" data-id=\"79170372\" data-element_type=\"widget\" data-widget_type=\"spacer.default\">\n\t\t\t\t<div class=\"elementor-widget-container\">\n\t\t\t\t\t\t\t<div class=\"elementor-spacer\">\n\t\t\t<div class=\"elementor-spacer-inner\"><\/div>\n\t\t<\/div>\n\t\t\t\t\t\t<\/div>\n\t\t\t\t<\/div>\n\t\t\t\t\t<\/div>\n\t\t\t\t<\/div>\n\t\t<div class=\"elementor-element elementor-element-c8e484e e-flex e-con-boxed e-con e-parent\" data-id=\"c8e484e\" data-element_type=\"container\">\n\t\t\t\t\t<div class=\"e-con-inner\">\n\t\t\t\t<div class=\"elementor-element elementor-element-c8a7bb1 elementor-widget elementor-widget-image\" data-id=\"c8a7bb1\" data-element_type=\"widget\" data-widget_type=\"image.default\">\n\t\t\t\t<div class=\"elementor-widget-container\">\n\t\t\t\t\t\t\t\t\t\t\t\t\t\t\t<img fetchpriority=\"high\" decoding=\"async\" width=\"780\" height=\"334\" src=\"https:\/\/surt.org\/wp-content\/uploads\/2025\/08\/d6f3b018a075bb07815209e57ee9b950-1024x439.png\" class=\"attachment-large size-large wp-image-29807\" alt=\"\" srcset=\"https:\/\/surt.org\/wp-content\/uploads\/2025\/08\/d6f3b018a075bb07815209e57ee9b950-1024x439.png 1024w, https:\/\/surt.org\/wp-content\/uploads\/2025\/08\/d6f3b018a075bb07815209e57ee9b950-300x129.png 300w, https:\/\/surt.org\/wp-content\/uploads\/2025\/08\/d6f3b018a075bb07815209e57ee9b950-18x8.png 18w, https:\/\/surt.org\/wp-content\/uploads\/2025\/08\/d6f3b018a075bb07815209e57ee9b950-1536x658.png 1536w, https:\/\/surt.org\/wp-content\/uploads\/2025\/08\/d6f3b018a075bb07815209e57ee9b950-2048x878.png 2048w\" sizes=\"(max-width: 780px) 100vw, 780px\" \/>\t\t\t\t\t\t\t\t\t\t\t\t\t\t\t<\/div>\n\t\t\t\t<\/div>\n\t\t\t\t\t<\/div>\n\t\t\t\t<\/div>\n\t\t<div class=\"elementor-element elementor-element-c0aed23 e-flex e-con-boxed e-con e-parent\" data-id=\"c0aed23\" data-element_type=\"container\">\n\t\t\t\t\t<div class=\"e-con-inner\">\n\t\t\t\t<div class=\"elementor-element elementor-element-70166ad3 elementor-widget elementor-widget-text-editor\" data-id=\"70166ad3\" data-element_type=\"widget\" data-widget_type=\"text-editor.default\">\n\t\t\t\t<div class=\"elementor-widget-container\">\n\t\t\t\t\t\t\t\t\t<h2 class=\"the-title\"><span style=\"color: #e2007a;\">\u00bfQuieres hacer voluntariado? \u00bfEres una persona comprometida con los derechos de las mujeres?\u00a0<\/span><\/h2><div class=\"vc_col-sm-6 wpb_column column_container vc_custom_1491651809658 _ height-full\"><div class=\"vc_custom_1683057259296\"><div id=\"text-block-6\" class=\"mk-text-block\"><p>Las personas voluntarias son una pieza necesaria en programas de empoderamiento y en el desarrollo de actividades de la entidad.<\/p><p>A trav\u00e9s del voluntariado en Surt, contribuir\u00e1s a facilitar la inclusi\u00f3n social de mujeres socioecon\u00f3micamente vulnerabilizadas, a reforzar sus capacidades y fomentar su autonom\u00eda. Les quieres dedicar un tiempo? Tambi\u00e9n puedes colaborar en departamentos de la entidad.\u00a0<\/p><p>Si quieres conocer m\u00e1s sobre esta posibilidad, consulta nuestro <a href=\"https:\/\/surt.org\/wp-content\/uploads\/2024\/08\/pla-de-voluntariat.pdf\" target=\"_blank\" rel=\"noopener\">plan de voluntariado<\/a>.<\/p><\/div><h2 class=\"the-title\"><span style=\"color: #e2007a;\">Ofertas de colaboraci\u00f3n activas<\/span><\/h2><p><span class=\"x1fc57z9 x6ikm8r x10wlt62 x19co3pv x1g5zs5t xfibh0p xiy17q3 x1xsqp64 xexx8yu x1im30kd x18d9i69 x1djpfga x1f6kntn xdj266r xjn30re xat24cr x1hb08if xz6nz0p\"><span class=\"\"><img decoding=\"async\" class=\"emoji\" role=\"img\" draggable=\"false\" src=\"https:\/\/s.w.org\/images\/core\/emoji\/16.0.1\/svg\/1f538.svg\" alt=\"\ud83d\udd38\" \/>\u00a0<\/span><\/span><strong>Voluntaria experta<\/strong> <strong>en derecho migratorio o que conozca los procedimientos burocr\u00e1ticos vinculados a las leyes de extranjer\u00eda<\/strong>\u00a0para facilitar talleres a mujeres migradas usuarias de\u00a0SURT.<\/p><div class=\"vc_col-sm-6 wpb_column column_container vc_custom_1491651809658 _ height-full\"><div class=\"vc_custom_1683057259296\"><p><span class=\"x1fc57z9 x6ikm8r x10wlt62 x19co3pv x1g5zs5t xfibh0p xiy17q3 x1xsqp64 xexx8yu x1im30kd x18d9i69 x1djpfga x1f6kntn xdj266r xjn30re xat24cr x1hb08if xz6nz0p\"><span class=\"\"><img decoding=\"async\" class=\"emoji\" role=\"img\" draggable=\"false\" src=\"https:\/\/s.w.org\/images\/core\/emoji\/16.0.1\/svg\/1f538.svg\" alt=\"\ud83d\udd38\" \/><strong> Voluntariado para dar clases de catal\u00e1n nivel inicial<\/strong> del programa de acogida.<strong><br \/><\/strong>Horario: lunes, martes y\/o viernes por la ma\u00f1ana.<br \/>Lugar: Sede del C\/Guardia 14.<\/span><\/span><\/p><p><span class=\"x1fc57z9 x6ikm8r x10wlt62 x19co3pv x1g5zs5t xfibh0p xiy17q3 x1xsqp64 xexx8yu x1im30kd x18d9i69 x1djpfga x1f6kntn xdj266r xjn30re xat24cr x1hb08if xz6nz0p\"><span class=\"\"><img decoding=\"async\" class=\"emoji\" role=\"img\" draggable=\"false\" src=\"https:\/\/s.w.org\/images\/core\/emoji\/16.0.1\/svg\/1f538.svg\" alt=\"\ud83d\udd38\" \/><strong>Voluntariado apoyo log\u00edstico<\/strong> para organizaci\u00f3n del almac\u00e9n, inventario, elaboraci\u00f3n de lotes,\u2026 en la Sede de Barceloneta<\/span><\/span><\/p><p>Horario: A pactar con la responsable del equipo.<br \/>Lugar: Sede Barceloneta. C\/Doctor Aguador, 18, Barceloneta.<\/p><\/div><p><span class=\"x1fc57z9 x6ikm8r x10wlt62 x19co3pv x1g5zs5t xfibh0p xiy17q3 x1xsqp64 xexx8yu x1im30kd x18d9i69 x1djpfga x1f6kntn xdj266r xjn30re xat24cr x1hb08if xz6nz0p\"><span class=\"\"><img decoding=\"async\" class=\"emoji\" role=\"img\" draggable=\"false\" src=\"https:\/\/s.w.org\/images\/core\/emoji\/16.0.1\/svg\/1f538.svg\" alt=\"\ud83d\udd38\" \/>\u00a0<\/span><\/span><strong>Voluntariado programa de inserci\u00f3n laboral<\/strong> en la Sede de Barceloneta. para dar apoyo\u00a0 en temas vinculados a la b\u00fasqueda de trabajo: creaci\u00f3n de CV, canales de investigaci\u00f3n de trabajo, redacci\u00f3n de una carta de presentaci\u00f3n, etc.<\/p><p>Horario: A pactar con la responsable del equipo.<br \/>Lugar: Sede Barceloneta. C\/Doctor Aguador, 18, Barceloneta.<\/p><div class=\"vc_custom_1683057259296\"><p><span class=\"x1fc57z9 x6ikm8r x10wlt62 x19co3pv x1g5zs5t xfibh0p xiy17q3 x1xsqp64 xexx8yu x1im30kd x18d9i69 x1djpfga x1f6kntn xdj266r xjn30re xat24cr x1hb08if xz6nz0p\"><span class=\"\"><img decoding=\"async\" class=\"emoji\" role=\"img\" draggable=\"false\" src=\"https:\/\/s.w.org\/images\/core\/emoji\/16.0.1\/svg\/1f538.svg\" alt=\"\ud83d\udd38\" \/><\/span><\/span><strong>Voluntariado talleres y formaciones puntuales. Sede Barceloneta<\/strong><\/p><ul><li>Talleres sobre alimentaci\u00f3n y contra el derroche alimentario.<\/li><li>Talleres sobre bienestar personal: autoestima, autocuidado, como dormir y descansar mejor, etc.<\/li><li>Talleres diversos sobre derechos: talleres puntuales de 2 horas sobre extranjer\u00eda, prestaciones, ayudas a mujeres v\u00edctimas de violencia, etc.<\/li><li>Talleres sobre crianza.<\/li><li>Cuenta-cuentos, manualidades, magas\u2026 para dinamizar actividades l\u00fadicas-culturales por familias.<\/li><\/ul><\/div><\/div><div class=\"vc_col-sm-6 wpb_column column_container vc_custom_1491651809658 _ height-full\"><div class=\"vc_custom_1683057259296\"><div id=\"text-block-6\" class=\"mk-text-block\"><p>Para contactar con nuestra entidad, env\u00edanos un mail con tu curr\u00edculo a <a href=\"mailto:voluntariat@surt.org\"><strong>voluntariat@surt.org<\/strong><\/a>\u00a0<\/p><\/div><\/div><\/div><\/div><\/div>\t\t\t\t\t\t\t\t<\/div>\n\t\t\t\t<\/div>\n\t\t\t\t<div class=\"elementor-element elementor-element-da64534 elementor-widget elementor-widget-text-editor\" data-id=\"da64534\" data-element_type=\"widget\" data-widget_type=\"text-editor.default\">\n\t\t\t\t<div class=\"elementor-widget-container\">\n\t\t\t\t\t\t\t\t\t<div class=\"wpb_row vc_row vc_row-fluid mk-fullwidth-false attched-false js-master-row mk-in-viewport\"><div class=\"vc_col-sm-6 wpb_column column_container vc_custom_1491651809658 _ height-full\"><div class=\"vc_custom_1683057259296\"><div id=\"text-block-6\" class=\"mk-text-block\"><p>Te necesitamos para seguir dando pasos adelante hacia la equidad de g\u00e9nero, tan deprisa como los cuerpos y los recursos nos lo permitan.<\/p><p>Tienes varias v\u00edas para sumar fuerzas con nosotros, impulsar el empoderamiento de las mujeres y contribuir a transformar la sociedad en clave de equidad.<\/p><p>\ud83e\udde9 \u00danete a las campa\u00f1as que lanzamos en las redes sociales para sensibilizar y llamar a la acci\u00f3n ante las desigualdades y violencias machistas.<\/p><p>\ud83e\udeb6 S\u00edguenos en las redes sociales y suscr\u00edbete al bolet\u00edn para estar al corriente de nuestra actividad.<\/p><\/div><\/div><\/div><\/div>\t\t\t\t\t\t\t\t<\/div>\n\t\t\t\t<\/div>\n\t\t\t\t\t<\/div>\n\t\t\t\t<\/div>\n\t\t\t\t<\/div>","protected":false},"excerpt":{"rendered":"<p>\u00bfQuieres hacer voluntariado? \u00bfEres una persona comprometida con los derechos de las mujeres?\u00a0 Las personas voluntarias son una pieza necesaria en programas de empoderamiento y en el desarrollo de actividades de la entidad. A trav\u00e9s del voluntariado en Surt, contribuir\u00e1s a facilitar la inclusi\u00f3n social de mujeres socioecon\u00f3micamente vulnerabilizadas, a reforzar sus capacidades y fomentar [&hellip;]<\/p>","protected":false},"author":1,"featured_media":13175,"parent":0,"menu_order":0,"comment_status":"closed","ping_status":"closed","template":"","meta":{"footnotes":""},"class_list":["post-24600","page","type-page","status-publish","has-post-thumbnail","hentry"],"_links":{"self":[{"href":"https:\/\/surt.org\/es\/wp-json\/wp\/v2\/pages\/24600","targetHints":{"allow":["GET"]}}],"collection":[{"href":"https:\/\/surt.org\/es\/wp-json\/wp\/v2\/pages"}],"about":[{"href":"https:\/\/surt.org\/es\/wp-json\/wp\/v2\/types\/page"}],"author":[{"embeddable":true,"href":"https:\/\/surt.org\/es\/wp-json\/wp\/v2\/users\/1"}],"replies":[{"embeddable":true,"href":"https:\/\/surt.org\/es\/wp-json\/wp\/v2\/comments?post=24600"}],"version-history":[{"count":16,"href":"https:\/\/surt.org\/es\/wp-json\/wp\/v2\/pages\/24600\/revisions"}],"predecessor-version":[{"id":30788,"href":"https:\/\/surt.org\/es\/wp-json\/wp\/v2\/pages\/24600\/revisions\/30788"}],"wp:featuredmedia":[{"embeddable":true,"href":"https:\/\/surt.org\/es\/wp-json\/wp\/v2\/media\/13175"}],"wp:attachment":[{"href":"https:\/\/surt.org\/es\/wp-json\/wp\/v2\/media?parent=24600"}],"curies":[{"name":"wp","href":"https:\/\/api.w.org\/{rel}","templated":true}]}}