{"id":24174,"date":"2024-08-20T17:43:46","date_gmt":"2024-08-20T15:43:46","guid":{"rendered":"https:\/\/devsurt.lana2.net\/?page_id=24174"},"modified":"2024-08-20T17:45:43","modified_gmt":"2024-08-20T15:45:43","slug":"empoderamiento-sociopolitico","status":"publish","type":"page","link":"https:\/\/surt.org\/es\/empoderamiento-sociopolitico\/","title":{"rendered":"Empoderamiento sociopol\u00edtico"},"content":{"rendered":"<div data-elementor-type=\"wp-page\" data-elementor-id=\"24174\" class=\"elementor elementor-24174\">\n\t\t\t\t<div class=\"elementor-element elementor-element-1177e9cc e-flex e-con-boxed e-con e-parent\" data-id=\"1177e9cc\" data-element_type=\"container\">\n\t\t\t\t\t<div class=\"e-con-inner\">\n\t\t\t\t<div class=\"elementor-element elementor-element-45ff035d elementor-widget elementor-widget-spacer\" data-id=\"45ff035d\" data-element_type=\"widget\" data-widget_type=\"spacer.default\">\n\t\t\t\t<div class=\"elementor-widget-container\">\n\t\t\t\t\t\t\t<div class=\"elementor-spacer\">\n\t\t\t<div class=\"elementor-spacer-inner\"><\/div>\n\t\t<\/div>\n\t\t\t\t\t\t<\/div>\n\t\t\t\t<\/div>\n\t\t\t\t\t<\/div>\n\t\t\t\t<\/div>\n\t\t<div class=\"elementor-element elementor-element-33c61d4 e-flex e-con-boxed e-con e-parent\" data-id=\"33c61d4\" data-element_type=\"container\">\n\t\t\t\t\t<div class=\"e-con-inner\">\n\t\t\t\t<div class=\"elementor-element elementor-element-7e77b02 elementor-widget elementor-widget-text-editor\" data-id=\"7e77b02\" data-element_type=\"widget\" data-widget_type=\"text-editor.default\">\n\t\t\t\t<div class=\"elementor-widget-container\">\n\t\t\t\t\t\t\t\t\t<h2 class=\"the-title\"><span style=\"color: #e2007a;\">Empoderamiento sociopol\u00edtico<\/span><\/h2>\t\t\t\t\t\t\t\t<\/div>\n\t\t\t\t<\/div>\n\t\t\t\t\t<\/div>\n\t\t\t\t<\/div>\n\t\t<div class=\"elementor-element elementor-element-7808f41 e-flex e-con-boxed e-con e-parent\" data-id=\"7808f41\" data-element_type=\"container\">\n\t\t\t\t\t<div class=\"e-con-inner\">\n\t\t<div class=\"elementor-element elementor-element-2cc28a33 e-con-full e-flex e-con e-child\" data-id=\"2cc28a33\" data-element_type=\"container\">\n\t\t\t\t<div class=\"elementor-element elementor-element-5c36f13a elementor-widget elementor-widget-image\" data-id=\"5c36f13a\" data-element_type=\"widget\" data-widget_type=\"image.default\">\n\t\t\t\t<div class=\"elementor-widget-container\">\n\t\t\t\t\t\t\t\t\t\t\t\t\t\t\t<img fetchpriority=\"high\" decoding=\"async\" width=\"1200\" height=\"800\" src=\"https:\/\/surt.org\/wp-content\/uploads\/2024\/08\/jornada-repensant-les-relacions-de-de-gnere-a-la-comunitat-gitana-celebrada-a-la-mina.jpg\" class=\"attachment-full size-full wp-image-24167\" alt=\"\" srcset=\"https:\/\/surt.org\/wp-content\/uploads\/2024\/08\/jornada-repensant-les-relacions-de-de-gnere-a-la-comunitat-gitana-celebrada-a-la-mina.jpg 1200w, https:\/\/surt.org\/wp-content\/uploads\/2024\/08\/jornada-repensant-les-relacions-de-de-gnere-a-la-comunitat-gitana-celebrada-a-la-mina-300x200.jpg 300w, https:\/\/surt.org\/wp-content\/uploads\/2024\/08\/jornada-repensant-les-relacions-de-de-gnere-a-la-comunitat-gitana-celebrada-a-la-mina-1024x683.jpg 1024w, https:\/\/surt.org\/wp-content\/uploads\/2024\/08\/jornada-repensant-les-relacions-de-de-gnere-a-la-comunitat-gitana-celebrada-a-la-mina-720x480.jpg 720w, https:\/\/surt.org\/wp-content\/uploads\/2024\/08\/jornada-repensant-les-relacions-de-de-gnere-a-la-comunitat-gitana-celebrada-a-la-mina-18x12.jpg 18w\" sizes=\"(max-width: 1200px) 100vw, 1200px\" \/>\t\t\t\t\t\t\t\t\t\t\t\t\t\t\t<\/div>\n\t\t\t\t<\/div>\n\t\t\t\t<\/div>\n\t\t<div class=\"elementor-element elementor-element-6a1754b5 e-con-full e-flex e-con e-child\" data-id=\"6a1754b5\" data-element_type=\"container\">\n\t\t\t\t<div class=\"elementor-element elementor-element-69ef3e9e elementor-widget elementor-widget-text-editor\" data-id=\"69ef3e9e\" data-element_type=\"widget\" data-widget_type=\"text-editor.default\">\n\t\t\t\t<div class=\"elementor-widget-container\">\n\t\t\t\t\t\t\t\t\t<div class=\"wpb_row vc_row vc_row-fluid mk-fullwidth-false attched-false js-master-row mk-in-viewport\"><div class=\"vc_col-sm-6 wpb_column column_container vc_custom_1491651809658 _ height-full\"><div class=\"vc_custom_1683057259296\"><div id=\"text-block-6\" class=\"mk-text-block\"><div class=\"wpb_row vc_row vc_row-fluid mk-fullwidth-false attched-false js-master-row mk-in-viewport\"><div class=\"vc_col-sm-6 wpb_column column_container _ height-full\"><div class=\"vc_custom_1504789619722\"><div id=\"text-block-6\" class=\"mk-text-block\"><p>En paralelo a la acci\u00f3n social, Sale apuesta para crear conocimiento y hacer propuestas pol\u00edticas. El \u00e1rea de empoderamiento sociopol\u00edtico se dirige a generar pensamiento colectivo que nos facilite comprender l?en torno en que actuamos, identificar las causas y las condiciones de discriminaci\u00f3n y exclusi\u00f3n de g\u00e9nero y afirmar los derechos, intereses y saberes de las mujeres.<\/p><p>Una de las patas del \u00e1rea es la l\u00ednea de b\u00fasqueda, innovaci\u00f3n e incidencia, dedicada a analizar la realidad social des d?una perspectiva feminista, para hacer visible aquello invisibilizado y dar valor a aquello desvaloritzat. Con la recogida d?informaci\u00f3n y l?an\u00e1lisis de las iniquidades de g\u00e9nero, perseguimos mejorar la intervenci\u00f3n social e incidir pol\u00edticamente y socialmente para conseguir el ejercicio efectivo de los derechos de las mujeres.<\/p><\/div><\/div><\/div><\/div><\/div><\/div><\/div><\/div>\t\t\t\t\t\t\t\t<\/div>\n\t\t\t\t<\/div>\n\t\t\t\t<\/div>\n\t\t\t\t\t<\/div>\n\t\t\t\t<\/div>\n\t\t<div class=\"elementor-element elementor-element-659738 e-flex e-con-boxed e-con e-parent\" data-id=\"659738\" data-element_type=\"container\">\n\t\t\t\t\t<div class=\"e-con-inner\">\n\t\t\t\t<div class=\"elementor-element elementor-element-ce36fc6 elementor-widget elementor-widget-text-editor\" data-id=\"ce36fc6\" data-element_type=\"widget\" data-widget_type=\"text-editor.default\">\n\t\t\t\t<div class=\"elementor-widget-container\">\n\t\t\t\t\t\t\t\t\t<div class=\"wpb_row vc_row vc_row-fluid mk-fullwidth-false attched-false js-master-row mk-in-viewport\"><div class=\"vc_col-sm-6 wpb_column column_container vc_custom_1491651809658 _ height-full\"><div class=\"vc_custom_1683057259296\"><div id=\"text-block-6\" class=\"mk-text-block\"><div class=\"wpb_row vc_row vc_row-fluid mk-fullwidth-false attched-false js-master-row mk-in-viewport\"><div class=\"vc_col-sm-6 wpb_column column_container _ height-full\"><div class=\"vc_custom_1504789619722\"><div id=\"text-block-6\" class=\"mk-text-block\"><p class=\"p1\">La otra pata del \u00e1rea de empoderament sociopol\u00edtico es la\u00a0l\u00ednea de consultora\u00a0dirigida a promover que las organizaciones incorporen la perspectiva de g\u00e9nero en la manera de pensar y de actuar.<\/p><\/div><\/div><\/div><\/div><\/div><\/div><\/div><\/div>\t\t\t\t\t\t\t\t<\/div>\n\t\t\t\t<\/div>\n\t\t\t\t\t<\/div>\n\t\t\t\t<\/div>\n\t\t<div class=\"elementor-element elementor-element-6b21827 e-flex e-con-boxed e-con e-parent\" data-id=\"6b21827\" data-element_type=\"container\">\n\t\t\t\t\t<div class=\"e-con-inner\">\n\t\t<div class=\"elementor-element elementor-element-6744d6c e-con-full e-flex e-con e-child\" data-id=\"6744d6c\" data-element_type=\"container\">\n\t\t\t\t<div class=\"elementor-element elementor-element-a57b770 elementor-widget elementor-widget-text-editor\" data-id=\"a57b770\" data-element_type=\"widget\" data-widget_type=\"text-editor.default\">\n\t\t\t\t<div class=\"elementor-widget-container\">\n\t\t\t\t\t\t\t\t\t<div class=\"wpb_row vc_row vc_row-fluid mk-fullwidth-false attched-false js-master-row mk-in-viewport\"><div class=\"vc_col-sm-6 wpb_column column_container vc_custom_1491651809658 _ height-full\"><div class=\"vc_custom_1683057259296\"><div id=\"text-block-6\" class=\"mk-text-block\"><p>El equipo de la consultora acompa\u00f1a agentes sociales p\u00fablicos y privados a superar la mirada androc\u00e9ntrica -la que hace de la experiencia masculina la universal, sin atender a las desigualdades que implica ser socialmente le\u00edda como mujer- a trav\u00e9s de asesoramientos y formaciones.<\/p><p>Incorporar la perspectiva de g\u00e9nero en la manera de pensar y actuar de las organizaciones comporta un cambio de paradigma,cuestionarnos y cuestionar como se organiza nuestra sociedad.<\/p><p>Las administraciones, entidades del tercer sector, empresas y, en general, el conjunto de profesionales que trabajamos con personas, tenemos la responsabilidad d?incorporar de manera transversal la perspectiva de g\u00e9nero, porque todas las pol\u00edticas,programas, proyectos y acciones sean integrales, m\u00e1s eficaces y justos.<\/p><\/div><\/div><\/div><\/div>\t\t\t\t\t\t\t\t<\/div>\n\t\t\t\t<\/div>\n\t\t\t\t<\/div>\n\t\t<div class=\"elementor-element elementor-element-75602a8 e-con-full e-flex e-con e-child\" data-id=\"75602a8\" data-element_type=\"container\">\n\t\t\t\t<div class=\"elementor-element elementor-element-536eb6b elementor-widget elementor-widget-image\" data-id=\"536eb6b\" data-element_type=\"widget\" data-widget_type=\"image.default\">\n\t\t\t\t<div class=\"elementor-widget-container\">\n\t\t\t\t\t\t\t\t\t\t\t\t\t\t\t<img decoding=\"async\" width=\"1000\" height=\"667\" src=\"data:image\/svg+xml;charset=utf-8,%3Csvg xmlns%3D&#039;http%3A%2F%2Fwww.w3.org%2F2000%2Fsvg&#039; viewBox%3D&#039;0 0  &#039;%2F%3E\" class=\"attachment-full size-full wp-image-24166 ld-lazyload\" alt=\"\" data-src=\"https:\/\/surt.org\/wp-content\/uploads\/2024\/08\/seminari-move-on.jpg\" data-srcset=\"https:\/\/surt.org\/wp-content\/uploads\/2024\/08\/seminari-move-on.jpg 1000w, https:\/\/surt.org\/wp-content\/uploads\/2024\/08\/seminari-move-on-300x200.jpg 300w, https:\/\/surt.org\/wp-content\/uploads\/2024\/08\/seminari-move-on-720x480.jpg 720w, https:\/\/surt.org\/wp-content\/uploads\/2024\/08\/seminari-move-on-18x12.jpg 18w\" data-sizes=\"(max-width: 1000px) 100vw, 1000px\" data-aspect=\"\" \/>\t\t\t\t\t\t\t\t\t\t\t\t\t\t\t<\/div>\n\t\t\t\t<\/div>\n\t\t\t\t<\/div>\n\t\t\t\t\t<\/div>\n\t\t\t\t<\/div>\n\t\t<div class=\"elementor-element elementor-element-f2c960a e-flex e-con-boxed e-con e-parent\" data-id=\"f2c960a\" data-element_type=\"container\">\n\t\t\t\t\t<div class=\"e-con-inner\">\n\t\t<div class=\"elementor-element elementor-element-42619d0 e-con-full e-flex e-con e-child\" data-id=\"42619d0\" data-element_type=\"container\">\n\t\t\t\t<div class=\"elementor-element elementor-element-b3aea01 elementor-align-right elementor-widget elementor-widget-button\" data-id=\"b3aea01\" data-element_type=\"widget\" data-widget_type=\"button.default\">\n\t\t\t\t<div class=\"elementor-widget-container\">\n\t\t\t\t\t\t\t\t\t<div class=\"elementor-button-wrapper\">\n\t\t\t\t\t<a class=\"elementor-button elementor-button-link elementor-size-sm\" href=\"#\">\n\t\t\t\t\t\t<span class=\"elementor-button-content-wrapper\">\n\t\t\t\t\t\t\t\t\t<span class=\"elementor-button-text\">L\u00ednea de consultoria<\/span>\n\t\t\t\t\t<\/span>\n\t\t\t\t\t<\/a>\n\t\t\t\t<\/div>\n\t\t\t\t\t\t\t\t<\/div>\n\t\t\t\t<\/div>\n\t\t\t\t<\/div>\n\t\t<div class=\"elementor-element elementor-element-c20ba2e e-con-full e-flex e-con e-child\" data-id=\"c20ba2e\" data-element_type=\"container\">\n\t\t\t\t<div class=\"elementor-element elementor-element-908f6da elementor-widget elementor-widget-button\" data-id=\"908f6da\" data-element_type=\"widget\" data-widget_type=\"button.default\">\n\t\t\t\t<div class=\"elementor-widget-container\">\n\t\t\t\t\t\t\t\t\t<div class=\"elementor-button-wrapper\">\n\t\t\t\t\t<a class=\"elementor-button elementor-button-link elementor-size-sm\" href=\"#\">\n\t\t\t\t\t\t<span class=\"elementor-button-content-wrapper\">\n\t\t\t\t\t\t\t\t\t<span class=\"elementor-button-text\">L\u00ednea de investigaci\u00f3n<\/span>\n\t\t\t\t\t<\/span>\n\t\t\t\t\t<\/a>\n\t\t\t\t<\/div>\n\t\t\t\t\t\t\t\t<\/div>\n\t\t\t\t<\/div>\n\t\t\t\t<\/div>\n\t\t\t\t\t<\/div>\n\t\t\t\t<\/div>\n\t\t<div class=\"elementor-element elementor-element-68f58e0 e-flex e-con-boxed e-con e-parent\" data-id=\"68f58e0\" data-element_type=\"container\">\n\t\t\t\t\t<div class=\"e-con-inner\">\n\t\t\t\t<div class=\"elementor-element elementor-element-de66a58 elementor-widget elementor-widget-spacer\" data-id=\"de66a58\" data-element_type=\"widget\" data-widget_type=\"spacer.default\">\n\t\t\t\t<div class=\"elementor-widget-container\">\n\t\t\t\t\t\t\t<div class=\"elementor-spacer\">\n\t\t\t<div class=\"elementor-spacer-inner\"><\/div>\n\t\t<\/div>\n\t\t\t\t\t\t<\/div>\n\t\t\t\t<\/div>\n\t\t\t\t\t<\/div>\n\t\t\t\t<\/div>\n\t\t\t\t<\/div>","protected":false},"excerpt":{"rendered":"<p>Empoderamiento sociopol\u00edtico En paralelo a la acci\u00f3n social, Sale apuesta para crear conocimiento y hacer propuestas pol\u00edticas. El \u00e1rea de empoderamiento sociopol\u00edtico se dirige a generar pensamiento colectivo que nos facilite comprender l?en torno en que actuamos, identificar las causas y las condiciones de discriminaci\u00f3n y exclusi\u00f3n de g\u00e9nero y afirmar los derechos, intereses y [&hellip;]<\/p>","protected":false},"author":1,"featured_media":13175,"parent":0,"menu_order":0,"comment_status":"closed","ping_status":"closed","template":"","meta":{"footnotes":""},"class_list":["post-24174","page","type-page","status-publish","has-post-thumbnail","hentry"],"_links":{"self":[{"href":"https:\/\/surt.org\/es\/wp-json\/wp\/v2\/pages\/24174","targetHints":{"allow":["GET"]}}],"collection":[{"href":"https:\/\/surt.org\/es\/wp-json\/wp\/v2\/pages"}],"about":[{"href":"https:\/\/surt.org\/es\/wp-json\/wp\/v2\/types\/page"}],"author":[{"embeddable":true,"href":"https:\/\/surt.org\/es\/wp-json\/wp\/v2\/users\/1"}],"replies":[{"embeddable":true,"href":"https:\/\/surt.org\/es\/wp-json\/wp\/v2\/comments?post=24174"}],"version-history":[{"count":7,"href":"https:\/\/surt.org\/es\/wp-json\/wp\/v2\/pages\/24174\/revisions"}],"predecessor-version":[{"id":24182,"href":"https:\/\/surt.org\/es\/wp-json\/wp\/v2\/pages\/24174\/revisions\/24182"}],"wp:featuredmedia":[{"embeddable":true,"href":"https:\/\/surt.org\/es\/wp-json\/wp\/v2\/media\/13175"}],"wp:attachment":[{"href":"https:\/\/surt.org\/es\/wp-json\/wp\/v2\/media?parent=24174"}],"curies":[{"name":"wp","href":"https:\/\/api.w.org\/{rel}","templated":true}]}}