{"id":23661,"date":"2024-08-19T12:32:19","date_gmt":"2024-08-19T10:32:19","guid":{"rendered":"https:\/\/devsurt.lana2.net\/?page_id=23661"},"modified":"2026-04-15T15:25:33","modified_gmt":"2026-04-15T13:25:33","slug":"empoderamiento-economico","status":"publish","type":"page","link":"https:\/\/surt.org\/es\/empoderamiento-economico\/","title":{"rendered":"Programa MAIS"},"content":{"rendered":"<div data-elementor-type=\"wp-page\" data-elementor-id=\"23661\" class=\"elementor elementor-23661\">\n\t\t\t\t<div class=\"elementor-element elementor-element-46cfe668 elementor-hidden-tablet elementor-hidden-mobile e-con-full e-flex e-con e-parent\" data-id=\"46cfe668\" data-element_type=\"container\">\n\t\t\t\t<div class=\"elementor-element elementor-element-2b657e91 elementor-widget elementor-widget-spacer\" data-id=\"2b657e91\" data-element_type=\"widget\" data-widget_type=\"spacer.default\">\n\t\t\t\t<div class=\"elementor-widget-container\">\n\t\t\t\t\t\t\t<div class=\"elementor-spacer\">\n\t\t\t<div class=\"elementor-spacer-inner\"><\/div>\n\t\t<\/div>\n\t\t\t\t\t\t<\/div>\n\t\t\t\t<\/div>\n\t\t\t\t<\/div>\n\t\t<div class=\"elementor-element elementor-element-652e0dbc e-flex e-con-boxed e-con e-parent\" data-id=\"652e0dbc\" data-element_type=\"container\">\n\t\t\t\t\t<div class=\"e-con-inner\">\n\t\t\t\t<div class=\"elementor-element elementor-element-d808c68 elementor-widget elementor-widget-text-editor\" data-id=\"d808c68\" data-element_type=\"widget\" data-widget_type=\"text-editor.default\">\n\t\t\t\t<div class=\"elementor-widget-container\">\n\t\t\t\t\t\t\t\t\t<h2 class=\"the-title\"><span style=\"color: #ff00ff;\"><strong>\u00bfConoces el Programa de Medidas Activas de Inserci\u00f3n para personas destinatarias de la renta m\u00ednima de Inserci\u00f3n &#8211; MAIS?<\/strong><\/span><\/h2>\t\t\t\t\t\t\t\t<\/div>\n\t\t\t\t<\/div>\n\t\t\t\t\t<\/div>\n\t\t\t\t<\/div>\n\t\t<div class=\"elementor-element elementor-element-0071ab0 e-flex e-con-boxed e-con e-parent\" data-id=\"0071ab0\" data-element_type=\"container\">\n\t\t\t\t\t<div class=\"e-con-inner\">\n\t\t<div class=\"elementor-element elementor-element-3490d0d e-con-full e-flex e-con e-child\" data-id=\"3490d0d\" data-element_type=\"container\">\n\t\t\t\t<div class=\"elementor-element elementor-element-e1f7e9e elementor-widget elementor-widget-text-editor\" data-id=\"e1f7e9e\" data-element_type=\"widget\" data-widget_type=\"text-editor.default\">\n\t\t\t\t<div class=\"elementor-widget-container\">\n\t\t\t\t\t\t\t\t\t<p><strong>Subvencionado por el Departamento de Empresa y Trabajo y co-finandiado por el Fondo Social Europeo,<\/strong> este programa ofrece acompa\u00f1ar a mujeres perceptoras de la Renta Garantizada de Ciudadan\u00eda (RGC); mujeres que se encuentran en situaci\u00f3n de paro de larga duraci\u00f3n, m\u00e1s grandes de 45 a\u00f1os en situaci\u00f3n de riesgo o exclusi\u00f3n social; con problemas de drogadicci\u00f3n o alcoholismo en proceso de rehabilitaci\u00f3n y reinserci\u00f3n social; mujeres mayores de 16 a\u00f1os y menores de 30 provenientes de instituciones de protecci\u00f3n de menores; internas de centros penitenciarios que su situaci\u00f3n los permita acceder a una ocupaci\u00f3n; mujeres en libertad condicional y ex-recluses, perceptoras del ingreso m\u00ednimo vital (IMV) o mujeres que no puedan acceder a la RGC o IMV, pero que se encuentren en situaci\u00f3n de riesgo de exclusi\u00f3n.<\/p><p><strong>Para formar parte del programa, hace falta que las mujeres \u2013entre 18 y 65 a\u00f1os\u2013 est\u00e9n inscritas a la Oficina de Trabajo (OTG) como demandantes de ocupaci\u00f3n no ocupadas o como demandantes de mejora de trabajo.<\/strong><\/p><p>Las participantes inician los periodos de pr\u00e1cticas en empresas fidelizadas a Surt, de acuerdo con los intereses y perfiles respectivos, como ahora la limpieza, la atenci\u00f3n al cliente y la monitorizaci\u00f3n de comedor.<\/p>\t\t\t\t\t\t\t\t<\/div>\n\t\t\t\t<\/div>\n\t\t\t\t<\/div>\n\t\t<div class=\"elementor-element elementor-element-5b4d356 e-con-full e-flex e-con e-child\" data-id=\"5b4d356\" data-element_type=\"container\">\n\t\t\t\t<div class=\"elementor-element elementor-element-0c62b94 elementor-widget elementor-widget-image\" data-id=\"0c62b94\" data-element_type=\"widget\" data-widget_type=\"image.default\">\n\t\t\t\t<div class=\"elementor-widget-container\">\n\t\t\t\t\t\t\t\t\t\t\t\t\t\t\t<img fetchpriority=\"high\" decoding=\"async\" width=\"724\" height=\"1024\" src=\"https:\/\/surt.org\/wp-content\/uploads\/2026\/02\/cartell-MAIS-2026-724x1024.jpg\" class=\"attachment-large size-large wp-image-30803\" alt=\"\" srcset=\"https:\/\/surt.org\/wp-content\/uploads\/2026\/02\/cartell-MAIS-2026-724x1024.jpg 724w, https:\/\/surt.org\/wp-content\/uploads\/2026\/02\/cartell-MAIS-2026-212x300.jpg 212w, https:\/\/surt.org\/wp-content\/uploads\/2026\/02\/cartell-MAIS-2026-8x12.jpg 8w, https:\/\/surt.org\/wp-content\/uploads\/2026\/02\/cartell-MAIS-2026-1086x1536.jpg 1086w, https:\/\/surt.org\/wp-content\/uploads\/2026\/02\/cartell-MAIS-2026-1448x2048.jpg 1448w\" sizes=\"(max-width: 724px) 100vw, 724px\" \/>\t\t\t\t\t\t\t\t\t\t\t\t\t\t\t<\/div>\n\t\t\t\t<\/div>\n\t\t\t\t<\/div>\n\t\t<div class=\"elementor-element elementor-element-101e0be e-con-full e-flex e-con e-child\" data-id=\"101e0be\" data-element_type=\"container\">\n\t\t\t\t<div class=\"elementor-element elementor-element-23b4ae7 elementor-widget elementor-widget-text-editor\" data-id=\"23b4ae7\" data-element_type=\"widget\" data-widget_type=\"text-editor.default\">\n\t\t\t\t<div class=\"elementor-widget-container\">\n\t\t\t\t\t\t\t\t\t<p>Las pr\u00e1cticas son muy \u00fatiles por las participantes, puesto que se pueden dar a conocer y generar posibilidades de ser contratadas, as\u00ed como ir poniendo en juego todas las competencias trabajadas durante el itinerario. Y por parte de las empresas, las pr\u00e1cticas son positivas porque pueden asumir una formaci\u00f3n de acogida a la mujer participando y, as\u00ed, en el momento de la posible contrataci\u00f3n, el periodo de adaptaci\u00f3n ya est\u00e1 cumplido.<\/p><p>El objetivo del programa MAIS es <strong>mejorar el grado de empleabilidad e inserci\u00f3n laboral de las mujeres participantes mediante tutor\u00edas individuales y acciones y actividades tanto personales como grupales, como por ejemplo identificar competencias de base y transversales, definir objetivos profesionales y establecer un plan individual d\u00b4inserci\u00f3n laboral, mejorar conocimientos sobre el mercado laboral y las herramientas y estrategias para acceder, orientar y acompa\u00f1ar en el proceso de investigaci\u00f3n de trabajo que incluir\u00e1n tambi\u00e9n emprendimiento social y autoempleo, acciones de formaci\u00f3n a medida seg\u00fan necesidades detectadas y posibilidad de realizar pr\u00e1cticas no profesionales.<\/strong><\/p>\t\t\t\t\t\t\t\t<\/div>\n\t\t\t\t<\/div>\n\t\t\t\t<\/div>\n\t\t\t\t\t<\/div>\n\t\t\t\t<\/div>\n\t\t<div class=\"elementor-element elementor-element-6c2150c e-flex e-con-boxed e-con e-parent\" data-id=\"6c2150c\" data-element_type=\"container\">\n\t\t\t\t\t<div class=\"e-con-inner\">\n\t\t\t\t<div class=\"elementor-element elementor-element-a1b94f3 elementor-widget elementor-widget-text-editor\" data-id=\"a1b94f3\" data-element_type=\"widget\" data-widget_type=\"text-editor.default\">\n\t\t\t\t<div class=\"elementor-widget-container\">\n\t\t\t\t\t\t\t\t\t<h2 class=\"the-title\"><span style=\"color: #ff00ff;\">Las personas que cumplan los requisitos pueden participar en el programa MAIS m\u00e1s pr\u00f3ximo gracias a los <strong>6 punts MAIS en el territorio:<\/strong><\/span><\/h2>\t\t\t\t\t\t\t\t<\/div>\n\t\t\t\t<\/div>\n\t\t\t\t\t<\/div>\n\t\t\t\t<\/div>\n\t\t<div class=\"elementor-element elementor-element-dc93fea e-flex e-con-boxed e-con e-parent\" data-id=\"dc93fea\" data-element_type=\"container\">\n\t\t\t\t\t<div class=\"e-con-inner\">\n\t\t\t\t<div class=\"elementor-element elementor-element-ea55571 elementor-widget__width-initial elementor-widget elementor-widget-text-editor\" data-id=\"ea55571\" data-element_type=\"widget\" data-widget_type=\"text-editor.default\">\n\t\t\t\t<div class=\"elementor-widget-container\">\n\t\t\t\t\t\t\t\t\t<div id=\"text-block-6\" class=\"mk-text-block\"><p><strong>Badalona<\/strong><br \/>Sonia Meymand<br \/>sonia.meymand@surt.org<\/p><p><strong>Barcelona<\/strong><br \/>Patricia Biosca<br \/>Al\u00edcia Morena<br \/>patricia.biosca@surt.org<\/p><p><strong>Barceloneta<\/strong><br \/>Elisabet Arenas<br \/>elisabet.arenas@surt.org<\/p><p><strong>Igualada<\/strong><br \/>Claudia G\u00f3mez<br \/>claudia.gomez@surt.org<\/p><p><strong>Manresa<\/strong><br \/>Sandra Rodr\u00edguez<br \/>sandra.rodriguez@surt.org<\/p><p><strong>Montcada<\/strong><br \/>Miriam Guerrero<br \/>Al\u00edcia D\u00edaz<br \/>miriam.guerrero@surt.org<\/p><\/div>\t\t\t\t\t\t\t\t<\/div>\n\t\t\t\t<\/div>\n\t\t\t\t\t<\/div>\n\t\t\t\t<\/div>\n\t\t<div class=\"elementor-element elementor-element-b4de543 e-flex e-con-boxed e-con e-parent\" data-id=\"b4de543\" data-element_type=\"container\">\n\t\t\t\t\t<div class=\"e-con-inner\">\n\t\t<div class=\"elementor-element elementor-element-d0ea414 e-con-full e-flex e-con e-child\" data-id=\"d0ea414\" data-element_type=\"container\">\n\t\t\t\t<div class=\"elementor-element elementor-element-4467c66 elementor-widget__width-initial elementor-absolute elementor-widget elementor-widget-text-editor\" data-id=\"4467c66\" data-element_type=\"widget\" data-settings=\"{&quot;_position&quot;:&quot;absolute&quot;}\" data-widget_type=\"text-editor.default\">\n\t\t\t\t<div class=\"elementor-widget-container\">\n\t\t\t\t\t\t\t\t\t<h5><strong><em>\u00a0<\/em><\/strong><\/h5><h5><strong><em>Con el apoyo de la Generalitat de Catalunya<\/em><\/strong><\/h5>\t\t\t\t\t\t\t\t<\/div>\n\t\t\t\t<\/div>\n\t\t\t\t<\/div>\n\t\t<div class=\"elementor-element elementor-element-c76dc16 e-con-full e-flex e-con e-child\" data-id=\"c76dc16\" data-element_type=\"container\">\n\t\t\t\t<div class=\"elementor-element elementor-element-64df561 elementor-widget elementor-widget-image\" data-id=\"64df561\" data-element_type=\"widget\" data-widget_type=\"image.default\">\n\t\t\t\t<div class=\"elementor-widget-container\">\n\t\t\t\t\t\t\t\t\t\t\t\t\t\t\t<img decoding=\"async\" width=\"200\" height=\"200\" src=\"data:image\/svg+xml;charset=utf-8,%3Csvg xmlns%3D&#039;http%3A%2F%2Fwww.w3.org%2F2000%2Fsvg&#039; viewBox%3D&#039;0 0  &#039;%2F%3E\" class=\"attachment-large size-large wp-image-26514 ld-lazyload\" alt=\"\" data-src=\"https:\/\/surt.org\/wp-content\/uploads\/2024\/09\/generalitat-logo-200x200-1.png\" data-srcset=\"https:\/\/surt.org\/wp-content\/uploads\/2024\/09\/generalitat-logo-200x200-1.png 200w, https:\/\/surt.org\/wp-content\/uploads\/2024\/09\/generalitat-logo-200x200-1-150x150.png 150w, https:\/\/surt.org\/wp-content\/uploads\/2024\/09\/generalitat-logo-200x200-1-12x12.png 12w\" data-sizes=\"(max-width: 200px) 100vw, 200px\" data-aspect=\"\" \/>\t\t\t\t\t\t\t\t\t\t\t\t\t\t\t<\/div>\n\t\t\t\t<\/div>\n\t\t\t\t<\/div>\n\t\t\t\t\t<\/div>\n\t\t\t\t<\/div>\n\t\t<div class=\"elementor-element elementor-element-e2b962e e-flex e-con-boxed e-con e-parent\" data-id=\"e2b962e\" data-element_type=\"container\">\n\t\t\t\t\t<div class=\"e-con-inner\">\n\t\t\t\t<div class=\"elementor-element elementor-element-2d27bcf elementor-widget elementor-widget-image\" data-id=\"2d27bcf\" data-element_type=\"widget\" data-widget_type=\"image.default\">\n\t\t\t\t<div class=\"elementor-widget-container\">\n\t\t\t\t\t\t\t\t\t\t\t\t\t\t\t<img decoding=\"async\" width=\"1250\" height=\"700\" src=\"data:image\/svg+xml;charset=utf-8,%3Csvg xmlns%3D&#039;http%3A%2F%2Fwww.w3.org%2F2000%2Fsvg&#039; viewBox%3D&#039;0 0  &#039;%2F%3E\" class=\"attachment-liquid-style5-lb size-liquid-style5-lb wp-image-30802 ld-lazyload\" alt=\"\" data-src=\"https:\/\/surt.org\/wp-content\/uploads\/2026\/02\/MAIS-2026-imatge-central-1250x700.jpg\" data-srcset=\"https:\/\/surt.org\/wp-content\/uploads\/2026\/02\/MAIS-2026-imatge-central-1250x700.jpg 1250w, https:\/\/surt.org\/wp-content\/uploads\/2026\/02\/MAIS-2026-imatge-central-300x169.jpg 300w, https:\/\/surt.org\/wp-content\/uploads\/2026\/02\/MAIS-2026-imatge-central-18x10.jpg 18w\" data-sizes=\"(max-width: 1250px) 100vw, 1250px\" data-aspect=\"\" \/>\t\t\t\t\t\t\t\t\t\t\t\t\t\t\t<\/div>\n\t\t\t\t<\/div>\n\t\t\t\t\t<\/div>\n\t\t\t\t<\/div>\n\t\t\t\t<\/div>","protected":false},"excerpt":{"rendered":"<p>\u00bfConoces el Programa de Medidas Activas de Inserci\u00f3n para personas destinatarias de la renta m\u00ednima de Inserci\u00f3n &#8211; MAIS? Subvencionado por el Departamento de Empresa y Trabajo y co-finandiado por el Fondo Social Europeo, este programa ofrece acompa\u00f1ar a mujeres perceptoras de la Renta Garantizada de Ciudadan\u00eda (RGC); mujeres que se encuentran en situaci\u00f3n de [&hellip;]<\/p>","protected":false},"author":1,"featured_media":13175,"parent":0,"menu_order":0,"comment_status":"closed","ping_status":"closed","template":"","meta":{"footnotes":""},"class_list":["post-23661","page","type-page","status-publish","has-post-thumbnail","hentry"],"_links":{"self":[{"href":"https:\/\/surt.org\/es\/wp-json\/wp\/v2\/pages\/23661","targetHints":{"allow":["GET"]}}],"collection":[{"href":"https:\/\/surt.org\/es\/wp-json\/wp\/v2\/pages"}],"about":[{"href":"https:\/\/surt.org\/es\/wp-json\/wp\/v2\/types\/page"}],"author":[{"embeddable":true,"href":"https:\/\/surt.org\/es\/wp-json\/wp\/v2\/users\/1"}],"replies":[{"embeddable":true,"href":"https:\/\/surt.org\/es\/wp-json\/wp\/v2\/comments?post=23661"}],"version-history":[{"count":74,"href":"https:\/\/surt.org\/es\/wp-json\/wp\/v2\/pages\/23661\/revisions"}],"predecessor-version":[{"id":31358,"href":"https:\/\/surt.org\/es\/wp-json\/wp\/v2\/pages\/23661\/revisions\/31358"}],"wp:featuredmedia":[{"embeddable":true,"href":"https:\/\/surt.org\/es\/wp-json\/wp\/v2\/media\/13175"}],"wp:attachment":[{"href":"https:\/\/surt.org\/es\/wp-json\/wp\/v2\/media?parent=23661"}],"curies":[{"name":"wp","href":"https:\/\/api.w.org\/{rel}","templated":true}]}}