{"id":14191,"date":"2024-08-16T18:31:00","date_gmt":"2024-08-16T16:31:00","guid":{"rendered":"https:\/\/devsurt.lana2.net\/?page_id=14191"},"modified":"2025-09-01T14:42:58","modified_gmt":"2025-09-01T12:42:58","slug":"empoderamiento-personal","status":"publish","type":"page","link":"https:\/\/surt.org\/es\/empoderamiento-personal\/","title":{"rendered":"Empoderamiento personal"},"content":{"rendered":"<div data-elementor-type=\"wp-page\" data-elementor-id=\"14191\" class=\"elementor elementor-14191\">\n\t\t\t\t<div class=\"elementor-element elementor-element-4b363e67 elementor-hidden-tablet elementor-hidden-mobile e-flex e-con-boxed e-con e-parent\" data-id=\"4b363e67\" data-element_type=\"container\">\n\t\t\t\t\t<div class=\"e-con-inner\">\n\t\t\t\t<div class=\"elementor-element elementor-element-74b6ec elementor-widget elementor-widget-spacer\" data-id=\"74b6ec\" data-element_type=\"widget\" data-widget_type=\"spacer.default\">\n\t\t\t\t<div class=\"elementor-widget-container\">\n\t\t\t\t\t\t\t<div class=\"elementor-spacer\">\n\t\t\t<div class=\"elementor-spacer-inner\"><\/div>\n\t\t<\/div>\n\t\t\t\t\t\t<\/div>\n\t\t\t\t<\/div>\n\t\t\t\t\t<\/div>\n\t\t\t\t<\/div>\n\t\t<div class=\"elementor-element elementor-element-4d531be e-flex e-con-boxed e-con e-parent\" data-id=\"4d531be\" data-element_type=\"container\">\n\t\t\t\t\t<div class=\"e-con-inner\">\n\t\t\t\t<div class=\"elementor-element elementor-element-0d5ccc3 elementor-widget elementor-widget-text-editor\" data-id=\"0d5ccc3\" data-element_type=\"widget\" data-widget_type=\"text-editor.default\">\n\t\t\t\t<div class=\"elementor-widget-container\">\n\t\t\t\t\t\t\t\t\t<h2 class=\"the-title\"><span style=\"color: #e2007a;\">\u00c1rea de Atenci\u00f3n y Acompa\u00f1amiento a las Violencias Machistas<\/span><\/h2>\t\t\t\t\t\t\t\t<\/div>\n\t\t\t\t<\/div>\n\t\t\t\t\t<\/div>\n\t\t\t\t<\/div>\n\t\t<div class=\"elementor-element elementor-element-73840619 e-flex e-con-boxed e-con e-parent\" data-id=\"73840619\" data-element_type=\"container\">\n\t\t\t\t\t<div class=\"e-con-inner\">\n\t\t<div class=\"elementor-element elementor-element-48c1e91 e-con-full e-flex e-con e-child\" data-id=\"48c1e91\" data-element_type=\"container\">\n\t\t\t\t<div class=\"elementor-element elementor-element-1a81c995 elementor-widget elementor-widget-image\" data-id=\"1a81c995\" data-element_type=\"widget\" data-widget_type=\"image.default\">\n\t\t\t\t<div class=\"elementor-widget-container\">\n\t\t\t\t\t\t\t\t\t\t\t\t\t\t\t<img fetchpriority=\"high\" decoding=\"async\" width=\"1200\" height=\"1043\" src=\"https:\/\/surt.org\/wp-content\/uploads\/2024\/08\/sessi-empoderament-obrint-portes.jpg\" class=\"attachment-full size-full wp-image-14119\" alt=\"\" srcset=\"https:\/\/surt.org\/wp-content\/uploads\/2024\/08\/sessi-empoderament-obrint-portes.jpg 1200w, https:\/\/surt.org\/wp-content\/uploads\/2024\/08\/sessi-empoderament-obrint-portes-300x261.jpg 300w, https:\/\/surt.org\/wp-content\/uploads\/2024\/08\/sessi-empoderament-obrint-portes-1024x890.jpg 1024w, https:\/\/surt.org\/wp-content\/uploads\/2024\/08\/sessi-empoderament-obrint-portes-14x12.jpg 14w\" sizes=\"(max-width: 1200px) 100vw, 1200px\" \/>\t\t\t\t\t\t\t\t\t\t\t\t\t\t\t<\/div>\n\t\t\t\t<\/div>\n\t\t\t\t<\/div>\n\t\t<div class=\"elementor-element elementor-element-3028ad54 e-con-full e-flex e-con e-child\" data-id=\"3028ad54\" data-element_type=\"container\">\n\t\t\t\t<div class=\"elementor-element elementor-element-5c4d75fd elementor-widget elementor-widget-text-editor\" data-id=\"5c4d75fd\" data-element_type=\"widget\" data-widget_type=\"text-editor.default\">\n\t\t\t\t<div class=\"elementor-widget-container\">\n\t\t\t\t\t\t\t\t\t<div class=\"wpb_row vc_row vc_row-fluid mk-fullwidth-false attched-false js-master-row mk-in-viewport\"><div class=\"vc_col-sm-6 wpb_column column_container vc_custom_1491651809658 _ height-full\"><div class=\"vc_custom_1683057259296\"><div id=\"text-block-6\" class=\"mk-text-block\"><div class=\"wpb_row vc_row vc_row-fluid mk-fullwidth-false attched-false js-master-row mk-in-viewport\"><div class=\"vc_col-sm-6 wpb_column column_container  _ height-full\"><div class=\"vc_custom_1539783973641\"><div id=\"text-block-6\" class=\"mk-text-block\"><p>El \u00e1rea de empoderamiento personal pretende acompa\u00f1ar a las mujeres en el proceso de identificaci\u00f3n y reivindicaci\u00f3n de sus derechos. Pretendemos contribuir a desarrollar una vida libre y elegida, en que las mujeres puedan desarrollarse a partir de conocer y fortalecer sus capacidades como sujetos protagonistas y gestoras de sus procesos vitales, su autonom\u00eda y sus liderazgos.<\/p><p>La socializaci\u00f3n de g\u00e9nero hace que, a menudo, las mujeres nos construimos y nos valoramos a partir de la mirada de otros, m\u00e1s que a partir de nuestra propia. La metodolog\u00eda de empoderamiento de Surt pretende devolver la mirada a una misma, a partir de poner el foco en la equidad de g\u00e9nero, para desplegar criterios propios sobre nuestras vidas, nuestra propia manera de amarnos y de amar las otras personas y, sobre todo, nuestro recorrido vital, que incluir\u00e1 nuestra autonom\u00eda econ\u00f3mica, relacional y afectiva.<\/p><\/div><\/div><\/div><\/div><\/div><\/div><\/div><\/div>\t\t\t\t\t\t\t\t<\/div>\n\t\t\t\t<\/div>\n\t\t\t\t<\/div>\n\t\t\t\t\t<\/div>\n\t\t\t\t<\/div>\n\t\t<div class=\"elementor-element elementor-element-5a8049f e-flex e-con-boxed e-con e-parent\" data-id=\"5a8049f\" data-element_type=\"container\">\n\t\t\t\t\t<div class=\"e-con-inner\">\n\t\t\t\t<div class=\"elementor-element elementor-element-436d8a7 elementor-widget elementor-widget-text-editor\" data-id=\"436d8a7\" data-element_type=\"widget\" data-widget_type=\"text-editor.default\">\n\t\t\t\t<div class=\"elementor-widget-container\">\n\t\t\t\t\t\t\t\t\t<h2 class=\"the-title\"><span style=\"color: #e2007a;\">Programas<\/span><\/h2>\t\t\t\t\t\t\t\t<\/div>\n\t\t\t\t<\/div>\n\t\t\t\t<div class=\"elementor-element elementor-element-d0c44a7 elementor-widget elementor-widget-ld_accordion\" data-id=\"d0c44a7\" data-element_type=\"widget\" data-widget_type=\"ld_accordion.default\">\n\t\t\t\t<div class=\"elementor-widget-container\">\n\t\t\t\t\t\n\t\t<div class=\"accordion accordion-title-bordered accordion-xs accordion-side-spacing accordion-title-bg-transparent accordion-active-has-fill\" id=\"accordion-69e35bb46a859\" role=\"tablist\" aria-multiselectable=\"true\">\n\t\t\t\t\t\t\t\t\t\t\t\t<div class=\"accordion-item panel  active\">\n\n\t\t\t\t<div class=\"accordion-heading\" role=\"tab\" id=\"heading-2181\">\n\t\t\t\t<h2 class=\"accordion-title  tabindex=\"-1\">\t\t\t\t\t<a class=\"\" role=\"button\" data-toggle=\"collapse\" data-bs-toggle=\"collapse\"\n                    tabindex=\"0\"\n\t\t\t\t\tdata-parent=\"#accordion-69e35bb46a859\" data-bs-parent=\"#accordion-69e35bb46a859\" href=\"#collapse-2181\" data-target=\"#collapse-2181\" data-bs-target=\"#collapse-2181\"\n\t\t\t\t\taria-expanded=\"true\" aria-controls=\"collapse-2181\">\n\t\t\t\t\t\t\t\t\t\t\t\t<span class=\"accordion-title-txt\">Acogida de Urgencia y Acompa\u00f1amiento integral especializado para la recuperaci\u00f3n integral de las Violencias Machistas<\/span>\n\t\t\t\t\t\t\t\t\t\t\t\t\t<span class=\"accordion-expander\"><i class=\"fa fa-chevron-down\"><\/i><i class=\"fa fa-chevron-up\"><\/i><\/span>\t\t\t\t\t\t\t\t\t\t\t<\/a>\n\t\t\t\t<\/h2>\t\t\t\t<\/div>\n\n\t\t\t\t<div id=\"collapse-2181\" class=\"accordion-collapse collapse  show\" data-bs-parent=\"#accordion-69e35bb46a859\" role=\"tabpanel\" aria-labelledby=\"heading-2181\">\n\n\t\t\t\t<div class=\"accordion-content\">\n\t\t\t\t\t<p>Los equipamientos de<strong>\u00a0<\/strong><span style=\"letter-spacing: 0.16px;\"><b>SIRGA, CMAU2 son<\/b><\/span><span style=\"letter-spacing: 0.16px;\">\u00a0recursos de acogida para atender y acompa\u00f1ar procesos de recuperaci\u00f3n de las violencias machistas y de g\u00e9nero.<\/span><\/p><p>Las personas que llegan a un recurso de acogida despu\u00e9s de haber vivido situaciones reiteradas de violencia, en muchas ocasiones interseccionan muchas otras problem\u00e1ticas derivadas de estas violencias machistas pero tambi\u00e9n del sistema de distribuci\u00f3n material injusto en base a criterios culturales e identitarios de exclusi\u00f3n. Por este motivo, para nosotras, atender quiere decir entender y aceptar lo que esta persona es y las herramientas que ha desarrollado para llegar hasta el momento en que se ha cruzado con la posibilidad de acceder a nuestro recurso. Acompa\u00f1ar a la persona implica escuchar hacia d\u00f3nde quiere dirigir su cambio, en caso de querer hacerlo, y proporcionar herramientas para el mismo, respetando sus elecciones.<\/p><p>Por este motivo entendemos que el proceso de recuperaci\u00f3n constituye uno de los objetivos principales que acompa\u00f1amos las profesionales que formamos parte de Sirga. Este es el conjunto de estrategias y elecciones materiales y vitales que lleva a cabo la mujer acogida para dar sentido y encontrar herramientas personales para ir haciendo desaparecer las repercusiones negativas de la violencia sufrida. Desde Sirga, entendemos estos proceso desde el respeto y la comprensi\u00f3n ante los significados que cada persona atendida puede dar a este proceso de recuperaci\u00f3n y cu\u00e1les son las herramientas o los itinerarios que quiere llevar a cabo para lograrlo.<\/p>\t\t\t\t<\/div>\n\n\t\t\t\t<\/div>\n\n\t\t\t<\/div>\n\t\t\t\t\t\t\t\t\t<div class=\"accordion-item panel\">\n\n\t\t\t\t<div class=\"accordion-heading\" role=\"tab\" id=\"heading-2182\">\n\t\t\t\t<h2 class=\"accordion-title  tabindex=\"-1\">\t\t\t\t\t<a class=\"collapsed\" role=\"button\" data-toggle=\"collapse\" data-bs-toggle=\"collapse\"\n                    tabindex=\"0\"\n\t\t\t\t\tdata-parent=\"#accordion-69e35bb46a859\" data-bs-parent=\"#accordion-69e35bb46a859\" href=\"#collapse-2182\" data-target=\"#collapse-2182\" data-bs-target=\"#collapse-2182\"\n\t\t\t\t\taria-expanded=\"false\" aria-controls=\"collapse-2182\">\n\t\t\t\t\t\t\t\t\t\t\t\t<span class=\"accordion-title-txt\">Acogida Residencial de M\u00e1xima autonom\u00eda en Viviendas de Cohabitage Inclusivo en Cesi\u00f3n de Uso<\/span>\n\t\t\t\t\t\t\t\t\t\t\t\t\t<span class=\"accordion-expander\"><i class=\"fa fa-chevron-down\"><\/i><i class=\"fa fa-chevron-up\"><\/i><\/span>\t\t\t\t\t\t\t\t\t\t\t<\/a>\n\t\t\t\t<\/h2>\t\t\t\t<\/div>\n\n\t\t\t\t<div id=\"collapse-2182\" class=\"accordion-collapse collapse\" data-bs-parent=\"#accordion-69e35bb46a859\" role=\"tabpanel\" aria-labelledby=\"heading-2182\">\n\n\t\t\t\t<div class=\"accordion-content\">\n\t\t\t\t\t<p>Pisos La Reneg\u00e0.<\/p>\t\t\t\t<\/div>\n\n\t\t\t\t<\/div>\n\n\t\t\t<\/div>\n\t\t\t\t\t\t\t\t\t<div class=\"accordion-item panel\">\n\n\t\t\t\t<div class=\"accordion-heading\" role=\"tab\" id=\"heading-2183\">\n\t\t\t\t<h2 class=\"accordion-title  tabindex=\"-1\">\t\t\t\t\t<a class=\"collapsed\" role=\"button\" data-toggle=\"collapse\" data-bs-toggle=\"collapse\"\n                    tabindex=\"0\"\n\t\t\t\t\tdata-parent=\"#accordion-69e35bb46a859\" data-bs-parent=\"#accordion-69e35bb46a859\" href=\"#collapse-2183\" data-target=\"#collapse-2183\" data-bs-target=\"#collapse-2183\"\n\t\t\t\t\taria-expanded=\"false\" aria-controls=\"collapse-2183\">\n\t\t\t\t\t\t\t\t\t\t\t\t<span class=\"accordion-title-txt\">Servicios de Intervenci\u00f3n Especializada a las Violencias Machistas<\/span>\n\t\t\t\t\t\t\t\t\t\t\t\t\t<span class=\"accordion-expander\"><i class=\"fa fa-chevron-down\"><\/i><i class=\"fa fa-chevron-up\"><\/i><\/span>\t\t\t\t\t\t\t\t\t\t\t<\/a>\n\t\t\t\t<\/h2>\t\t\t\t<\/div>\n\n\t\t\t\t<div id=\"collapse-2183\" class=\"accordion-collapse collapse\" data-bs-parent=\"#accordion-69e35bb46a859\" role=\"tabpanel\" aria-labelledby=\"heading-2183\">\n\n\t\t\t\t<div class=\"accordion-content\">\n\t\t\t\t\t<p><strong>SIE Terrassa.<\/strong><\/p>\t\t\t\t<\/div>\n\n\t\t\t\t<\/div>\n\n\t\t\t<\/div>\n\t\t\t\t\t\t\t\t\t<div class=\"accordion-item panel\">\n\n\t\t\t\t<div class=\"accordion-heading\" role=\"tab\" id=\"heading-2184\">\n\t\t\t\t<h2 class=\"accordion-title  tabindex=\"-1\">\t\t\t\t\t<a class=\"collapsed\" role=\"button\" data-toggle=\"collapse\" data-bs-toggle=\"collapse\"\n                    tabindex=\"0\"\n\t\t\t\t\tdata-parent=\"#accordion-69e35bb46a859\" data-bs-parent=\"#accordion-69e35bb46a859\" href=\"#collapse-2184\" data-target=\"#collapse-2184\" data-bs-target=\"#collapse-2184\"\n\t\t\t\t\taria-expanded=\"false\" aria-controls=\"collapse-2184\">\n\t\t\t\t\t\t\t\t\t\t\t\t<span class=\"accordion-title-txt\">Servicios y Programas de Atenci\u00f3n Especializada a las Violencias Machistas<\/span>\n\t\t\t\t\t\t\t\t\t\t\t\t\t<span class=\"accordion-expander\"><i class=\"fa fa-chevron-down\"><\/i><i class=\"fa fa-chevron-up\"><\/i><\/span>\t\t\t\t\t\t\t\t\t\t\t<\/a>\n\t\t\t\t<\/h2>\t\t\t\t<\/div>\n\n\t\t\t\t<div id=\"collapse-2184\" class=\"accordion-collapse collapse\" data-bs-parent=\"#accordion-69e35bb46a859\" role=\"tabpanel\" aria-labelledby=\"heading-2184\">\n\n\t\t\t\t<div class=\"accordion-content\">\n\t\t\t\t\t<p>SIARE, ANCORA, INTRO, Atyrania, TYCHE<\/p>\t\t\t\t<\/div>\n\n\t\t\t\t<\/div>\n\n\t\t\t<\/div>\n\t\t\t\t\t\t\t\t\t<div class=\"accordion-item panel\">\n\n\t\t\t\t<div class=\"accordion-heading\" role=\"tab\" id=\"heading-2185\">\n\t\t\t\t<h2 class=\"accordion-title  tabindex=\"-1\">\t\t\t\t\t<a class=\"collapsed\" role=\"button\" data-toggle=\"collapse\" data-bs-toggle=\"collapse\"\n                    tabindex=\"0\"\n\t\t\t\t\tdata-parent=\"#accordion-69e35bb46a859\" data-bs-parent=\"#accordion-69e35bb46a859\" href=\"#collapse-2185\" data-target=\"#collapse-2185\" data-bs-target=\"#collapse-2185\"\n\t\t\t\t\taria-expanded=\"false\" aria-controls=\"collapse-2185\">\n\t\t\t\t\t\t\t\t\t\t\t\t<span class=\"accordion-title-txt\">Programas de Atenci\u00f3n a Supervivientes de trata<\/span>\n\t\t\t\t\t\t\t\t\t\t\t\t\t<span class=\"accordion-expander\"><i class=\"fa fa-chevron-down\"><\/i><i class=\"fa fa-chevron-up\"><\/i><\/span>\t\t\t\t\t\t\t\t\t\t\t<\/a>\n\t\t\t\t<\/h2>\t\t\t\t<\/div>\n\n\t\t\t\t<div id=\"collapse-2185\" class=\"accordion-collapse collapse\" data-bs-parent=\"#accordion-69e35bb46a859\" role=\"tabpanel\" aria-labelledby=\"heading-2185\">\n\n\t\t\t\t<div class=\"accordion-content\">\n\t\t\t\t\t<p><strong>RAI<\/strong><\/p>\t\t\t\t<\/div>\n\n\t\t\t\t<\/div>\n\n\t\t\t<\/div>\n\t\t\t\t\t\t\t\t\t<div class=\"accordion-item panel\">\n\n\t\t\t\t<div class=\"accordion-heading\" role=\"tab\" id=\"heading-2186\">\n\t\t\t\t<h2 class=\"accordion-title  tabindex=\"-1\">\t\t\t\t\t<a class=\"collapsed\" role=\"button\" data-toggle=\"collapse\" data-bs-toggle=\"collapse\"\n                    tabindex=\"0\"\n\t\t\t\t\tdata-parent=\"#accordion-69e35bb46a859\" data-bs-parent=\"#accordion-69e35bb46a859\" href=\"#collapse-2186\" data-target=\"#collapse-2186\" data-bs-target=\"#collapse-2186\"\n\t\t\t\t\taria-expanded=\"false\" aria-controls=\"collapse-2186\">\n\t\t\t\t\t\t\t\t\t\t\t\t<span class=\"accordion-title-txt\">Servicios y Programas de prevenci\u00f3n y acompa\u00f1amiento desde la perspectiva comunitaria<\/span>\n\t\t\t\t\t\t\t\t\t\t\t\t\t<span class=\"accordion-expander\"><i class=\"fa fa-chevron-down\"><\/i><i class=\"fa fa-chevron-up\"><\/i><\/span>\t\t\t\t\t\t\t\t\t\t\t<\/a>\n\t\t\t\t<\/h2>\t\t\t\t<\/div>\n\n\t\t\t\t<div id=\"collapse-2186\" class=\"accordion-collapse collapse\" data-bs-parent=\"#accordion-69e35bb46a859\" role=\"tabpanel\" aria-labelledby=\"heading-2186\">\n\n\t\t\t\t<div class=\"accordion-content\">\n\t\t\t\t\t<p><strong>SFC, VERTEBRAL, Talleres PIADS, SIAD el Prat.<\/strong><\/p><p>El\u00a0<strong>Servicio de Familias Colaboradoras (SFC)<\/strong>\u00a0es un servicio municipal de atenci\u00f3n a familias de Barcelona con dificultades de red social, familiar o econ\u00f3mica que, por diferentes circunstancias y de manera temporal, no pueden atender a sus hijos y\/o hijas. Es un\u00a0recurso preventivo complementario\u00a0de las funciones parentales y marentales para evitar que determinadas situaciones de riesgo se conviertan irreversibles en la relaci\u00f3n familiar con los ni\u00f1os. El SFC interviene para ayudar a familias que puntualmente no pueden hacerse cargo de su ni\u00f1o y\/o ni\u00f1a, encontrando unas personas (familia colaboradora) cercanas para que tengan cuidado de los y las menores en estos periodos de necesidad.<\/p><p>M\u00e1s informaci\u00f3n, en la<strong><a href=\"http:\/\/w110.bcn.cat\/portal\/site\/Infancia\/menuitem.eb1d5c7204c5d49fb552b552a2ef8a0c\/index4244.html?vgnextoid=e739a609394f9210VgnVCM10000074fea8c0RCRD&amp;vgnextchannel=e739a609394f9210VgnVCM10000074fea8c0RCRD&amp;lang=ca_ES\" target=\"_blank\" rel=\"noopener noreferrer\"> web del servicio SFC<\/a>.<\/strong><\/p><p>El <strong>SIAD, Servicio de Informaci\u00f3n y Atenci\u00f3n a las Mujeres<\/strong>, es un punto de referencia para las mujeres y por el colectivo LGTBI de los municipios. Desde la Fundaci\u00f3n Surt ofrecemos servicios de atenci\u00f3n psicol\u00f3gica individual y grupal a mujeres y a sus hijos e hijas, as\u00ed como servicios de asesor\u00eda jur\u00eddica al SIAD del Prat de Llobregat.<\/p>\t\t\t\t<\/div>\n\n\t\t\t\t<\/div>\n\n\t\t\t<\/div>\n\t\t\t\t\t\t\t\t\t<div class=\"accordion-item panel\">\n\n\t\t\t\t<div class=\"accordion-heading\" role=\"tab\" id=\"heading-2187\">\n\t\t\t\t<h2 class=\"accordion-title  tabindex=\"-1\">\t\t\t\t\t<a class=\"collapsed\" role=\"button\" data-toggle=\"collapse\" data-bs-toggle=\"collapse\"\n                    tabindex=\"0\"\n\t\t\t\t\tdata-parent=\"#accordion-69e35bb46a859\" data-bs-parent=\"#accordion-69e35bb46a859\" href=\"#collapse-2187\" data-target=\"#collapse-2187\" data-bs-target=\"#collapse-2187\"\n\t\t\t\t\taria-expanded=\"false\" aria-controls=\"collapse-2187\">\n\t\t\t\t\t\t\t\t\t\t\t\t<span class=\"accordion-title-txt\">Investigaci\u00f3n para la mejora en la prevenci\u00f3n, la detecci\u00f3n y el acompa\u00f1amiento a la recuperaci\u00f3n integral de las violencias<\/span>\n\t\t\t\t\t\t\t\t\t\t\t\t\t<span class=\"accordion-expander\"><i class=\"fa fa-chevron-down\"><\/i><i class=\"fa fa-chevron-up\"><\/i><\/span>\t\t\t\t\t\t\t\t\t\t\t<\/a>\n\t\t\t\t<\/h2>\t\t\t\t<\/div>\n\n\t\t\t\t<div id=\"collapse-2187\" class=\"accordion-collapse collapse\" data-bs-parent=\"#accordion-69e35bb46a859\" role=\"tabpanel\" aria-labelledby=\"heading-2187\">\n\n\t\t\t\t<div class=\"accordion-content\">\n\t\t\t\t\t<p><strong>New Worlds y CHAMS.<\/strong><\/p>\t\t\t\t<\/div>\n\n\t\t\t\t<\/div>\n\n\t\t\t<\/div>\n\t\t\t\t\t\t\t\t\t\t<script type=\"application\/ld+json\">{\"@context\":\"https:\\\/\\\/schema.org\",\"@type\":\"FAQPage\",\"mainEntity\":[{\"@type\":\"Question\",\"name\":\"Acogida de Urgencia y Acompa\\u00f1amiento integral especializado para la recuperaci\\u00f3n integral de las Violencias Machistas\",\"acceptedAnswer\":{\"@type\":\"Answer\",\"text\":\"Los equipamientos deSIRGA, CMAU2 sonrecursos de acogida para atender y acompaar procesos de recuperacin de las violencias machistas y de gnero.Las personas que llegan a un recurso de acogida despus de haber vivido situaciones reiteradas de violencia, en muchas ocasiones interseccionan muchas otras problemticas derivadas de estas violencias machistas pero tambin del sistema de distribucin material injusto en base a criterios culturales e identitarios de exclusin. Por este motivo, para nosotras, atender quiere decir entender y aceptar lo que esta persona es y las herramientas que ha desarrollado para llegar hasta el momento en que se ha cruzado con la posibilidad de acceder a nuestro recurso. Acompaar a la persona implica escuchar hacia dnde quiere dirigir su cambio, en caso de querer hacerlo, y proporcionar herramientas para el mismo, respetando sus elecciones.Por este motivo entendemos que el proceso de recuperacin constituye uno de los objetivos principales que acompaamos las profesionales que formamos parte de Sirga. Este es el conjunto de estrategias y elecciones materiales y vitales que lleva a cabo la mujer acogida para dar sentido y encontrar herramientas personales para ir haciendo desaparecer las repercusiones negativas de la violencia sufrida. Desde Sirga, entendemos estos proceso desde el respeto y la comprensin ante los significados que cada persona atendida puede dar a este proceso de recuperacin y cules son las herramientas o los itinerarios que quiere llevar a cabo para lograrlo.\"}},{\"@type\":\"Question\",\"name\":\"Acogida Residencial de M\\u00e1xima autonom\\u00eda en Viviendas de Cohabitage Inclusivo en Cesi\\u00f3n de Uso\",\"acceptedAnswer\":{\"@type\":\"Answer\",\"text\":\"Pisos La Reneg.\"}},{\"@type\":\"Question\",\"name\":\"Servicios de Intervenci\\u00f3n Especializada a las Violencias Machistas\",\"acceptedAnswer\":{\"@type\":\"Answer\",\"text\":\"SIE Terrassa.\"}},{\"@type\":\"Question\",\"name\":\"Servicios y Programas de Atenci\\u00f3n Especializada a las Violencias Machistas\",\"acceptedAnswer\":{\"@type\":\"Answer\",\"text\":\"SIARE, ANCORA, INTRO, Atyrania, TYCHE\"}},{\"@type\":\"Question\",\"name\":\"Programas de Atenci\\u00f3n a Supervivientes de trata\",\"acceptedAnswer\":{\"@type\":\"Answer\",\"text\":\"RAI\"}},{\"@type\":\"Question\",\"name\":\"Servicios y Programas de prevenci\\u00f3n y acompa\\u00f1amiento desde la perspectiva comunitaria\",\"acceptedAnswer\":{\"@type\":\"Answer\",\"text\":\"SFC, VERTEBRAL, Talleres PIADS, SIAD el Prat.ElServicio de Familias Colaboradoras (SFC)es un servicio municipal de atencin a familias de Barcelona con dificultades de red social, familiar o econmica que, por diferentes circunstancias y de manera temporal, no pueden atender a sus hijos y\\\/o hijas. Es unrecurso preventivo complementariode las funciones parentales y marentales para evitar que determinadas situaciones de riesgo se conviertan irreversibles en la relacin familiar con los nios. El SFC interviene para ayudar a familias que puntualmente no pueden hacerse cargo de su nio y\\\/o nia, encontrando unas personas (familia colaboradora) cercanas para que tengan cuidado de los y las menores en estos periodos de necesidad.Ms informacin, en la web del servicio SFC.El SIAD, Servicio de Informacin y Atencin a las Mujeres, es un punto de referencia para las mujeres y por el colectivo LGTBI de los municipios. Desde la Fundacin Surt ofrecemos servicios de atencin psicolgica individual y grupal a mujeres y a sus hijos e hijas, as como servicios de asesora jurdica al SIAD del Prat de Llobregat.\"}},{\"@type\":\"Question\",\"name\":\"Investigaci\\u00f3n para la mejora en la prevenci\\u00f3n, la detecci\\u00f3n y el acompa\\u00f1amiento a la recuperaci\\u00f3n integral de las violencias\",\"acceptedAnswer\":{\"@type\":\"Answer\",\"text\":\"New Worlds y CHAMS.\"}}]}<\/script>\n\t\t\t\n\t\t<\/div>\n\n\t\t\t\t\t\t<\/div>\n\t\t\t\t<\/div>\n\t\t\t\t\t<\/div>\n\t\t\t\t<\/div>\n\t\t<div class=\"elementor-element elementor-element-3344b55c e-flex e-con-boxed e-con e-parent\" data-id=\"3344b55c\" data-element_type=\"container\">\n\t\t\t\t\t<div class=\"e-con-inner\">\n\t\t\t\t<div class=\"elementor-element elementor-element-6867550d elementor-widget elementor-widget-spacer\" data-id=\"6867550d\" data-element_type=\"widget\" data-widget_type=\"spacer.default\">\n\t\t\t\t<div class=\"elementor-widget-container\">\n\t\t\t\t\t\t\t<div class=\"elementor-spacer\">\n\t\t\t<div class=\"elementor-spacer-inner\"><\/div>\n\t\t<\/div>\n\t\t\t\t\t\t<\/div>\n\t\t\t\t<\/div>\n\t\t\t\t\t<\/div>\n\t\t\t\t<\/div>\n\t\t\t\t<\/div>","protected":false},"excerpt":{"rendered":"<p>\u00c1rea de Atenci\u00f3n y Acompa\u00f1amiento a las Violencias Machistas El \u00e1rea de empoderamiento personal pretende acompa\u00f1ar a las mujeres en el proceso de identificaci\u00f3n y reivindicaci\u00f3n de sus derechos. Pretendemos contribuir a desarrollar una vida libre y elegida, en que las mujeres puedan desarrollarse a partir de conocer y fortalecer sus capacidades como sujetos protagonistas [&hellip;]<\/p>","protected":false},"author":1,"featured_media":13175,"parent":0,"menu_order":0,"comment_status":"closed","ping_status":"closed","template":"","meta":{"footnotes":""},"class_list":["post-14191","page","type-page","status-publish","has-post-thumbnail","hentry"],"_links":{"self":[{"href":"https:\/\/surt.org\/es\/wp-json\/wp\/v2\/pages\/14191","targetHints":{"allow":["GET"]}}],"collection":[{"href":"https:\/\/surt.org\/es\/wp-json\/wp\/v2\/pages"}],"about":[{"href":"https:\/\/surt.org\/es\/wp-json\/wp\/v2\/types\/page"}],"author":[{"embeddable":true,"href":"https:\/\/surt.org\/es\/wp-json\/wp\/v2\/users\/1"}],"replies":[{"embeddable":true,"href":"https:\/\/surt.org\/es\/wp-json\/wp\/v2\/comments?post=14191"}],"version-history":[{"count":25,"href":"https:\/\/surt.org\/es\/wp-json\/wp\/v2\/pages\/14191\/revisions"}],"predecessor-version":[{"id":29839,"href":"https:\/\/surt.org\/es\/wp-json\/wp\/v2\/pages\/14191\/revisions\/29839"}],"wp:featuredmedia":[{"embeddable":true,"href":"https:\/\/surt.org\/es\/wp-json\/wp\/v2\/media\/13175"}],"wp:attachment":[{"href":"https:\/\/surt.org\/es\/wp-json\/wp\/v2\/media?parent=14191"}],"curies":[{"name":"wp","href":"https:\/\/api.w.org\/{rel}","templated":true}]}}