{"id":14060,"date":"2024-08-16T17:03:32","date_gmt":"2024-08-16T15:03:32","guid":{"rendered":"https:\/\/devsurt.lana2.net\/?page_id=14060"},"modified":"2024-08-16T17:13:20","modified_gmt":"2024-08-16T15:13:20","slug":"desigualdad-de-genero","status":"publish","type":"page","link":"https:\/\/surt.org\/es\/desigualdad-de-genero\/","title":{"rendered":"Desigualdad de g\u00e9nero"},"content":{"rendered":"<div data-elementor-type=\"wp-page\" data-elementor-id=\"14060\" class=\"elementor elementor-14060\">\n\t\t\t\t<div class=\"elementor-element elementor-element-47a15a22 elementor-hidden-tablet elementor-hidden-mobile e-flex e-con-boxed e-con e-parent\" data-id=\"47a15a22\" data-element_type=\"container\">\n\t\t\t\t\t<div class=\"e-con-inner\">\n\t\t\t\t<div class=\"elementor-element elementor-element-34b6e9f5 elementor-widget elementor-widget-spacer\" data-id=\"34b6e9f5\" data-element_type=\"widget\" data-widget_type=\"spacer.default\">\n\t\t\t\t<div class=\"elementor-widget-container\">\n\t\t\t\t\t\t\t<div class=\"elementor-spacer\">\n\t\t\t<div class=\"elementor-spacer-inner\"><\/div>\n\t\t<\/div>\n\t\t\t\t\t\t<\/div>\n\t\t\t\t<\/div>\n\t\t\t\t<div class=\"elementor-element elementor-element-36bf5ab5 elementor-widget elementor-widget-spacer\" data-id=\"36bf5ab5\" data-element_type=\"widget\" data-widget_type=\"spacer.default\">\n\t\t\t\t<div class=\"elementor-widget-container\">\n\t\t\t\t\t\t\t<div class=\"elementor-spacer\">\n\t\t\t<div class=\"elementor-spacer-inner\"><\/div>\n\t\t<\/div>\n\t\t\t\t\t\t<\/div>\n\t\t\t\t<\/div>\n\t\t\t\t\t<\/div>\n\t\t\t\t<\/div>\n\t\t<div class=\"elementor-element elementor-element-41f372ad e-flex e-con-boxed e-con e-parent\" data-id=\"41f372ad\" data-element_type=\"container\">\n\t\t\t\t\t<div class=\"e-con-inner\">\n\t\t<div class=\"elementor-element elementor-element-37365076 e-con-full e-flex e-con e-child\" data-id=\"37365076\" data-element_type=\"container\">\n\t\t\t\t<div class=\"elementor-element elementor-element-a53418b elementor-widget elementor-widget-image\" data-id=\"a53418b\" data-element_type=\"widget\" data-widget_type=\"image.default\">\n\t\t\t\t<div class=\"elementor-widget-container\">\n\t\t\t\t\t\t\t\t\t\t\t\t\t\t\t<img fetchpriority=\"high\" decoding=\"async\" width=\"960\" height=\"640\" src=\"https:\/\/surt.org\/wp-content\/uploads\/2024\/08\/desigualtat-estructural.jpg\" class=\"attachment-full size-full wp-image-14036\" alt=\"\" srcset=\"https:\/\/surt.org\/wp-content\/uploads\/2024\/08\/desigualtat-estructural.jpg 960w, https:\/\/surt.org\/wp-content\/uploads\/2024\/08\/desigualtat-estructural-300x200.jpg 300w, https:\/\/surt.org\/wp-content\/uploads\/2024\/08\/desigualtat-estructural-720x480.jpg 720w, https:\/\/surt.org\/wp-content\/uploads\/2024\/08\/desigualtat-estructural-18x12.jpg 18w\" sizes=\"(max-width: 960px) 100vw, 960px\" \/>\t\t\t\t\t\t\t\t\t\t\t\t\t\t\t<\/div>\n\t\t\t\t<\/div>\n\t\t\t\t<div class=\"elementor-element elementor-element-20e8e47 elementor-widget elementor-widget-text-editor\" data-id=\"20e8e47\" data-element_type=\"widget\" data-widget_type=\"text-editor.default\">\n\t\t\t\t<div class=\"elementor-widget-container\">\n\t\t\t\t\t\t\t\t\t<div class=\"wpb_row vc_row vc_row-fluid mk-fullwidth-false attched-false js-master-row mk-in-viewport\"><div class=\"vc_col-sm-6 wpb_column column_container vc_custom_1491651809658 _ height-full\"><div class=\"vc_custom_1683057259296\"><div id=\"text-block-6\" class=\"mk-text-block\"><p><strong>Est\u00e1 atravesada por desigualdades m\u00faltiples<\/strong><\/p><p>La clase social, el origen, la etnia, la orientaci\u00f3n sexual, la identidad de g\u00e9nero y la religi\u00f3n, configuran un sistema complejo de opresiones m\u00faltiples y simult\u00e1neas que producen formas de subordinaci\u00f3n y opresi\u00f3n espec\u00edficas y diferenciadas.<\/p><p><strong>Est\u00e1 configurada por el modelo econ\u00f3mico\u00a0<\/strong><\/p><p>Un modelo capitalista que presenta como separadas la esfera productiva y la reproductiva. El capitalismo heteropatriarcal se sustenta en la divisi\u00f3n sexual del trabajo, que atribuye a los hombres el trabajo productivo -el propio del espacio p\u00fablico, socialmente reconocido y remunerado- y el trabajo reproductivo, el de cuidados y dom\u00e9stico, a las mujeres. Es el trabajo invisibilizado, sin reconocimiento simb\u00f3lico ni econ\u00f3mico, no reconocido como trabajo real y, por lo tanto, no vinculado a derechos y protecci\u00f3n social.<\/p><\/div><\/div><\/div><\/div>\t\t\t\t\t\t\t\t<\/div>\n\t\t\t\t<\/div>\n\t\t\t\t<\/div>\n\t\t<div class=\"elementor-element elementor-element-23d41426 e-con-full e-flex e-con e-child\" data-id=\"23d41426\" data-element_type=\"container\">\n\t\t\t\t<div class=\"elementor-element elementor-element-58299f3 elementor-widget elementor-widget-text-editor\" data-id=\"58299f3\" data-element_type=\"widget\" data-widget_type=\"text-editor.default\">\n\t\t\t\t<div class=\"elementor-widget-container\">\n\t\t\t\t\t\t\t\t\t<h1 class=\"the-title\"><span style=\"color: #e2007a;\">La desigualdad de g\u00e9nero<\/span><\/h1>\t\t\t\t\t\t\t\t<\/div>\n\t\t\t\t<\/div>\n\t\t\t\t<div class=\"elementor-element elementor-element-aaade7d elementor-widget elementor-widget-text-editor\" data-id=\"aaade7d\" data-element_type=\"widget\" data-widget_type=\"text-editor.default\">\n\t\t\t\t<div class=\"elementor-widget-container\">\n\t\t\t\t\t\t\t\t\t<div class=\"wpb_row vc_row vc_row-fluid mk-fullwidth-false attched-false js-master-row mk-in-viewport\"><div class=\"vc_col-sm-6 wpb_column column_container vc_custom_1491651809658 _ height-full\"><div class=\"vc_custom_1683057259296\"><div id=\"text-block-6\" class=\"mk-text-block\"><p><strong>Es estructural<\/strong><\/p><p>Una construcci\u00f3n social, determinada por el sistema heteropatriarcal de sexo\/g\u00e9nero binario, que regula las relaciones sociales a partir de las diferencias percibidas y asignadas a hombres y mujeres.<\/p><p><strong>Es transversal<\/strong><\/p><p>Afecta al conjunto de las mujeres, es decir, una mayor\u00eda social (52%). Por el hecho de ser socialmente le\u00eddas como mujeres, viven discriminaciones, vulneraci\u00f3n de derechos y subordinaci\u00f3n respecto a la otra mitad de la humanidad.<\/p><\/div><\/div><\/div><\/div>\t\t\t\t\t\t\t\t<\/div>\n\t\t\t\t<\/div>\n\t\t\t\t<div class=\"elementor-element elementor-element-5f00617 elementor-widget elementor-widget-image\" data-id=\"5f00617\" data-element_type=\"widget\" data-widget_type=\"image.default\">\n\t\t\t\t<div class=\"elementor-widget-container\">\n\t\t\t\t\t\t\t\t\t\t\t\t\t\t\t<img decoding=\"async\" width=\"1200\" height=\"800\" src=\"data:image\/svg+xml;charset=utf-8,%3Csvg xmlns%3D&#039;http%3A%2F%2Fwww.w3.org%2F2000%2Fsvg&#039; viewBox%3D&#039;0 0  &#039;%2F%3E\" class=\"attachment-full size-full wp-image-14035 ld-lazyload\" alt=\"\" data-src=\"https:\/\/surt.org\/wp-content\/uploads\/2024\/08\/comunitari-petita.jpg\" data-srcset=\"https:\/\/surt.org\/wp-content\/uploads\/2024\/08\/comunitari-petita.jpg 1200w, https:\/\/surt.org\/wp-content\/uploads\/2024\/08\/comunitari-petita-300x200.jpg 300w, https:\/\/surt.org\/wp-content\/uploads\/2024\/08\/comunitari-petita-1024x683.jpg 1024w, https:\/\/surt.org\/wp-content\/uploads\/2024\/08\/comunitari-petita-720x480.jpg 720w, https:\/\/surt.org\/wp-content\/uploads\/2024\/08\/comunitari-petita-18x12.jpg 18w\" data-sizes=\"(max-width: 1200px) 100vw, 1200px\" data-aspect=\"\" \/>\t\t\t\t\t\t\t\t\t\t\t\t\t\t\t<\/div>\n\t\t\t\t<\/div>\n\t\t\t\t<\/div>\n\t\t\t\t\t<\/div>\n\t\t\t\t<\/div>\n\t\t<div class=\"elementor-element elementor-element-4c597de8 e-flex e-con-boxed e-con e-parent\" data-id=\"4c597de8\" data-element_type=\"container\">\n\t\t\t\t\t<div class=\"e-con-inner\">\n\t\t<div class=\"elementor-element elementor-element-3eafecf8 e-con-full e-flex e-con e-child\" data-id=\"3eafecf8\" data-element_type=\"container\">\n\t\t\t\t<div class=\"elementor-element elementor-element-1d3d6e elementor-widget elementor-widget-text-editor\" data-id=\"1d3d6e\" data-element_type=\"widget\" data-widget_type=\"text-editor.default\">\n\t\t\t\t<div class=\"elementor-widget-container\">\n\t\t\t\t\t\t\t\t\t<h3><span style=\"color: #e2007a;\"><b>La violencia machista<\/b><\/span><\/h3>\t\t\t\t\t\t\t\t<\/div>\n\t\t\t\t<\/div>\n\t\t\t\t<div class=\"elementor-element elementor-element-7e5d3523 elementor-widget elementor-widget-text-editor\" data-id=\"7e5d3523\" data-element_type=\"widget\" data-widget_type=\"text-editor.default\">\n\t\t\t\t<div class=\"elementor-widget-container\">\n\t\t\t\t\t\t\t\t\t<div id=\"text-block-13\" class=\"mk-text-block\"><div class=\"vc_custom_1520940083981\"><div id=\"text-block-13\" class=\"mk-text-block\"><p><strong>Se sustenta en la discriminaci\u00f3n y la opresi\u00f3n de las mujeres,<\/strong><\/p><p>simplemente, por el hecho de ser socialmente le\u00eddas como mujeres.<\/p><\/div><\/div><div class=\"vc_custom_1520940478657\"><div id=\"text-block-14\" class=\"mk-text-block\"><p><strong>Es una expresi\u00f3n del poder masculino.<\/strong><\/p><p>Es utilizada para reproducir y mantener el estatus de los hombres y su autoridad sobre las mujeres.<\/p><p><strong>Es una violencia instrumental al sistema patriarcal.<\/strong><\/p><p>Permite perpetuarlo. La violencia contra las mujeres resulta, as\u00ed, causa y consecuencia del sistema patriarcal.<\/p><\/div><\/div><\/div>\t\t\t\t\t\t\t\t<\/div>\n\t\t\t\t<\/div>\n\t\t\t\t<\/div>\n\t\t<div class=\"elementor-element elementor-element-129efa30 e-con-full e-flex e-con e-child\" data-id=\"129efa30\" data-element_type=\"container\">\n\t\t\t\t<div class=\"elementor-element elementor-element-19489190 elementor-widget elementor-widget-text-editor\" data-id=\"19489190\" data-element_type=\"widget\" data-widget_type=\"text-editor.default\">\n\t\t\t\t<div class=\"elementor-widget-container\">\n\t\t\t\t\t\t\t\t\t<div id=\"text-block-17\" class=\"mk-text-block\"><div class=\"vc_custom_1530789019587\"><div id=\"text-block-17\" class=\"mk-text-block\"><p><strong>No solo es f\u00edsica.\u00a0<\/strong><\/p><p>Puede adoptar forma de violencia psicol\u00f3gica, sexual, econ\u00f3mica, social e institucional. No existe ning\u00fan \u00e1mbito de la vida de una mujer que no est\u00e9 expuesto a amenazas o manifestaciones de violencia.<\/p><div class=\"clearboth\">\u00a0<\/div><\/div><\/div><div class=\"vc_custom_1530789655651\"><div id=\"text-block-18\" class=\"mk-text-block\"><p><strong>No es exclusiva de una cultura, regi\u00f3n o pa\u00eds<\/strong>,\u00a0<strong>ni de grupos particulares de mujeres en la sociedad.<\/strong><\/p><p>Es un fen\u00f3meno estructural arraigado en las relaciones de poder desiguales entre hombres y mujeres, un desequilibrio que caracteriza las sociedades patriarcales.<\/p><\/div><\/div><\/div>\t\t\t\t\t\t\t\t<\/div>\n\t\t\t\t<\/div>\n\t\t\t\t<\/div>\n\t\t\t\t\t<\/div>\n\t\t\t\t<\/div>\n\t\t<div class=\"elementor-element elementor-element-29691e89 e-flex e-con-boxed e-con e-parent\" data-id=\"29691e89\" data-element_type=\"container\">\n\t\t\t\t\t<div class=\"e-con-inner\">\n\t\t<div class=\"elementor-element elementor-element-73d108b5 e-con-full e-flex e-con e-child\" data-id=\"73d108b5\" data-element_type=\"container\">\n\t\t\t\t<div class=\"elementor-element elementor-element-98c40c2 elementor-widget elementor-widget-text-editor\" data-id=\"98c40c2\" data-element_type=\"widget\" data-widget_type=\"text-editor.default\">\n\t\t\t\t<div class=\"elementor-widget-container\">\n\t\t\t\t\t\t\t\t\t<blockquote><p class=\"p1\"><span style=\"color: #e2007a; font-size: 36px;\"><b>La violencia machista impide<br \/>superar la opresi\u00f3n de las mujeres<br \/>y perpet\u00faa la desigualdad de g\u00e9nero<\/b><\/span><\/p><\/blockquote>\t\t\t\t\t\t\t\t<\/div>\n\t\t\t\t<\/div>\n\t\t\t\t<div class=\"elementor-element elementor-element-94f0dce elementor-widget elementor-widget-text-editor\" data-id=\"94f0dce\" data-element_type=\"widget\" data-widget_type=\"text-editor.default\">\n\t\t\t\t<div class=\"elementor-widget-container\">\n\t\t\t\t\t\t\t\t\t<div id=\"text-block-13\" class=\"mk-text-block\"><p>La violencia tambi\u00e9n condiciona la posici\u00f3n que pueden ocupar las mujeres en la sociedad, puesto que tanto los hechos concretos de violencia en si, como la existencia de una amenaza latente, mantiene a las mujeres en posici\u00f3n subordinada.<\/p><p>Adem\u00e1s, la violencia tiene consecuencias en todas las esferas de la vida de las mujeres: la salud, la participaci\u00f3n laboral, las relaciones y la vida social, la vivienda, su situaci\u00f3n econ\u00f3mica y su relaci\u00f3n con la justicia. La violencia reduce las capacidades de desarrollo y bienestar de las mujeres e impide vivir en seguridad.<\/p><\/div>\t\t\t\t\t\t\t\t<\/div>\n\t\t\t\t<\/div>\n\t\t\t\t<div class=\"elementor-element elementor-element-e06140b elementor-widget elementor-widget-text-editor\" data-id=\"e06140b\" data-element_type=\"widget\" data-widget_type=\"text-editor.default\">\n\t\t\t\t<div class=\"elementor-widget-container\">\n\t\t\t\t\t\t\t\t\t<blockquote><p class=\"p1\"><span style=\"color: #e2007a; font-size: 36px;\"><b>La violencia contra las mujeres<br \/>es una violencia instrumental <br \/>al sistema patriarcal,<br \/>caracterizado por el desequilibrio<br \/>de poder entre mujeres y hombres.<\/b><\/span><\/p><\/blockquote>\t\t\t\t\t\t\t\t<\/div>\n\t\t\t\t<\/div>\n\t\t\t\t<div class=\"elementor-element elementor-element-e94eadd elementor-widget elementor-widget-image\" data-id=\"e94eadd\" data-element_type=\"widget\" data-widget_type=\"image.default\">\n\t\t\t\t<div class=\"elementor-widget-container\">\n\t\t\t\t\t\t\t\t\t\t\t\t\t\t\t<img decoding=\"async\" width=\"780\" height=\"520\" src=\"data:image\/svg+xml;charset=utf-8,%3Csvg xmlns%3D&#039;http%3A%2F%2Fwww.w3.org%2F2000%2Fsvg&#039; viewBox%3D&#039;0 0  &#039;%2F%3E\" class=\"attachment-large size-large wp-image-14033 ld-lazyload\" alt=\"\" data-src=\"https:\/\/surt.org\/wp-content\/uploads\/2024\/08\/drets-de-les-dones.jpg\" data-srcset=\"https:\/\/surt.org\/wp-content\/uploads\/2024\/08\/drets-de-les-dones.jpg 960w, https:\/\/surt.org\/wp-content\/uploads\/2024\/08\/drets-de-les-dones-300x200.jpg 300w, https:\/\/surt.org\/wp-content\/uploads\/2024\/08\/drets-de-les-dones-720x480.jpg 720w, https:\/\/surt.org\/wp-content\/uploads\/2024\/08\/drets-de-les-dones-18x12.jpg 18w\" data-sizes=\"(max-width: 780px) 100vw, 780px\" data-aspect=\"\" \/>\t\t\t\t\t\t\t\t\t\t\t\t\t\t\t<\/div>\n\t\t\t\t<\/div>\n\t\t\t\t<div class=\"elementor-element elementor-element-be3f813 elementor-widget elementor-widget-text-editor\" data-id=\"be3f813\" data-element_type=\"widget\" data-widget_type=\"text-editor.default\">\n\t\t\t\t<div class=\"elementor-widget-container\">\n\t\t\t\t\t\t\t\t\t<div id=\"text-block-13\" class=\"mk-text-block\"><p>Tal y c\u00f3mo reconoce la ley catalana 5\/2008 del derecho de las mujeres a erradicar la violencia machista, la violencia machista es una grave vulneraci\u00f3n de los derechos humanos de las mujeres y es un impedimento para que las mujeres puedan lograr la plena ciudadan\u00eda, la autonom\u00eda y la libertad.<\/p><p>La lucha contra la violencia machista es parte del proceso para hacer efectivos los derechos de las mujeres y construir un entorno que permita el libre desarrollo.<\/p><\/div>\t\t\t\t\t\t\t\t<\/div>\n\t\t\t\t<\/div>\n\t\t\t\t<\/div>\n\t\t<div class=\"elementor-element elementor-element-137658b1 e-con-full e-flex e-con e-child\" data-id=\"137658b1\" data-element_type=\"container\">\n\t\t\t\t<div class=\"elementor-element elementor-element-650b5e8 elementor-widget elementor-widget-text-editor\" data-id=\"650b5e8\" data-element_type=\"widget\" data-widget_type=\"text-editor.default\">\n\t\t\t\t<div class=\"elementor-widget-container\">\n\t\t\t\t\t\t\t\t\t<div id=\"text-block-13\" class=\"mk-text-block\"><p>La violencia machista se concreta en abusos f\u00edsicos, psicol\u00f3gicos, sexuales y econ\u00f3micos que son vividos por las mujeres en varios \u00e1mbitos de sus vidas, como el de las relaciones afectivas y sexuales, el familiar, el laboral y el sociocomunitario.<\/p><p>La principal consecuencia de la violencia es la perpetuaci\u00f3n de un sistema que permite que la violencia se produzca de forma m\u00e1s o menos legitimada, normalizada e impune. La violencia machista impide la superaci\u00f3n de la opresi\u00f3n de las mujeres y perpet\u00faa la desigualdad de g\u00e9nero.<\/p><\/div>\t\t\t\t\t\t\t\t<\/div>\n\t\t\t\t<\/div>\n\t\t\t\t<div class=\"elementor-element elementor-element-9ef27a0 elementor-widget elementor-widget-image\" data-id=\"9ef27a0\" data-element_type=\"widget\" data-widget_type=\"image.default\">\n\t\t\t\t<div class=\"elementor-widget-container\">\n\t\t\t\t\t\t\t\t\t\t\t\t\t\t\t<img loading=\"lazy\" decoding=\"async\" width=\"780\" height=\"520\" src=\"data:image\/svg+xml;charset=utf-8,%3Csvg xmlns%3D&#039;http%3A%2F%2Fwww.w3.org%2F2000%2Fsvg&#039; viewBox%3D&#039;0 0  &#039;%2F%3E\" class=\"attachment-large size-large wp-image-14034 ld-lazyload\" alt=\"\" data-src=\"https:\/\/surt.org\/wp-content\/uploads\/2024\/08\/clausura-jornada-promotores-gitanes.jpg\" data-srcset=\"https:\/\/surt.org\/wp-content\/uploads\/2024\/08\/clausura-jornada-promotores-gitanes.jpg 960w, https:\/\/surt.org\/wp-content\/uploads\/2024\/08\/clausura-jornada-promotores-gitanes-300x200.jpg 300w, https:\/\/surt.org\/wp-content\/uploads\/2024\/08\/clausura-jornada-promotores-gitanes-720x480.jpg 720w, https:\/\/surt.org\/wp-content\/uploads\/2024\/08\/clausura-jornada-promotores-gitanes-18x12.jpg 18w\" data-sizes=\"(max-width: 780px) 100vw, 780px\" data-aspect=\"\" \/>\t\t\t\t\t\t\t\t\t\t\t\t\t\t\t<\/div>\n\t\t\t\t<\/div>\n\t\t\t\t<div class=\"elementor-element elementor-element-ec76c5e elementor-widget elementor-widget-text-editor\" data-id=\"ec76c5e\" data-element_type=\"widget\" data-widget_type=\"text-editor.default\">\n\t\t\t\t<div class=\"elementor-widget-container\">\n\t\t\t\t\t\t\t\t\t<div id=\"text-block-13\" class=\"mk-text-block\"><p>La Convenci\u00f3n sobre la eliminaci\u00f3n de todas las formas de discriminaci\u00f3n contra la mujer (CEDAW), del 1979, entiende por discriminaci\u00f3n contra las mujeres toda distinci\u00f3n, exclusi\u00f3n o restricci\u00f3n basada en el sexo que tenga por objeto o por resultado disminuir o anular el reconocimiento, el goce o el ejercicio por parte de la mujer, independientemente de su estado civil, en base a la igualdad del hombre y la mujer, de los derechos humanos y las libertades fundamentales en las esferas pol\u00edtica, econ\u00f3mica, social, cultural y civil o en cualquier otra esfera.<\/p><p>La Conferencia de Derechos Humanos, de Viena, del 1993, proclam\u00f3 que los derechos humanos de las mujeres y de las ni\u00f1as son parte integral de los derechos humanos universales, y subray\u00f3 la importancia de las tareas destinadas a eliminar la violencia contra las mujeres en la vida p\u00fablica y privada.<\/p><p>En la IV Conferencia Mundial sobre las Mujeres se acord\u00f3 la Declaraci\u00f3n sobre la eliminaci\u00f3n de la violencia contra las mujeres (Declaraci\u00f3n de Beijing, del 1995), en que, por primera vez, se reconoce que las causas de la violencia son estructurales.<\/p><p>Defini\u00f3 lo que es \u00abviolencia de g\u00e9nero\u00bb (art\u00edculo 113): \u00abla expresi\u00f3n \u00abviolencia contra las mujeres\u00bb significa cualquier acto de violencia basado en el g\u00e9nero que tiene como resultado, o es probable que tenga como resultado, unos da\u00f1os o sufrimientos f\u00edsicos, sexuales o psicol\u00f3gicos para las mujeres, incluyendo las amenazas de los mencionados actos, la coacci\u00f3n o la privaci\u00f3n arbitraria de la libertad, tanto en la vida p\u00fablica c\u00f3mo en la privada\u00bb.<\/p><\/div>\t\t\t\t\t\t\t\t<\/div>\n\t\t\t\t<\/div>\n\t\t\t\t<\/div>\n\t\t\t\t\t<\/div>\n\t\t\t\t<\/div>\n\t\t<div class=\"elementor-element elementor-element-2fa0bb76 e-flex e-con-boxed e-con e-parent\" data-id=\"2fa0bb76\" data-element_type=\"container\">\n\t\t\t\t\t<div class=\"e-con-inner\">\n\t\t\t\t<div class=\"elementor-element elementor-element-a860340 elementor-widget elementor-widget-text-editor\" data-id=\"a860340\" data-element_type=\"widget\" data-widget_type=\"text-editor.default\">\n\t\t\t\t<div class=\"elementor-widget-container\">\n\t\t\t\t\t\t\t\t\t<blockquote><p class=\"p1\" style=\"text-align: center;\"><span style=\"color: #e2007a; font-size: 36px;\"><b>La lucha contra la violencia machista<br \/>es parte del proceso para hacer efectivos<br \/>los derechos de las mujeres.<\/b><\/span><\/p><\/blockquote>\t\t\t\t\t\t\t\t<\/div>\n\t\t\t\t<\/div>\n\t\t\t\t\t<\/div>\n\t\t\t\t<\/div>\n\t\t<div class=\"elementor-element elementor-element-dd89209 e-flex e-con-boxed e-con e-parent\" data-id=\"dd89209\" data-element_type=\"container\">\n\t\t\t\t\t<div class=\"e-con-inner\">\n\t\t\t\t<div class=\"elementor-element elementor-element-6a907e5 elementor-widget elementor-widget-spacer\" data-id=\"6a907e5\" data-element_type=\"widget\" data-widget_type=\"spacer.default\">\n\t\t\t\t<div class=\"elementor-widget-container\">\n\t\t\t\t\t\t\t<div class=\"elementor-spacer\">\n\t\t\t<div class=\"elementor-spacer-inner\"><\/div>\n\t\t<\/div>\n\t\t\t\t\t\t<\/div>\n\t\t\t\t<\/div>\n\t\t\t\t\t<\/div>\n\t\t\t\t<\/div>\n\t\t\t\t<\/div>","protected":false},"excerpt":{"rendered":"<p>Est\u00e1 atravesada por desigualdades m\u00faltiples La clase social, el origen, la etnia, la orientaci\u00f3n sexual, la identidad de g\u00e9nero y la religi\u00f3n, configuran un sistema complejo de opresiones m\u00faltiples y simult\u00e1neas que producen formas de subordinaci\u00f3n y opresi\u00f3n espec\u00edficas y diferenciadas. Est\u00e1 configurada por el modelo econ\u00f3mico\u00a0 Un modelo capitalista que presenta como separadas la [&hellip;]<\/p>","protected":false},"author":1,"featured_media":13175,"parent":0,"menu_order":0,"comment_status":"closed","ping_status":"closed","template":"","meta":{"footnotes":""},"class_list":["post-14060","page","type-page","status-publish","has-post-thumbnail","hentry"],"_links":{"self":[{"href":"https:\/\/surt.org\/es\/wp-json\/wp\/v2\/pages\/14060","targetHints":{"allow":["GET"]}}],"collection":[{"href":"https:\/\/surt.org\/es\/wp-json\/wp\/v2\/pages"}],"about":[{"href":"https:\/\/surt.org\/es\/wp-json\/wp\/v2\/types\/page"}],"author":[{"embeddable":true,"href":"https:\/\/surt.org\/es\/wp-json\/wp\/v2\/users\/1"}],"replies":[{"embeddable":true,"href":"https:\/\/surt.org\/es\/wp-json\/wp\/v2\/comments?post=14060"}],"version-history":[{"count":10,"href":"https:\/\/surt.org\/es\/wp-json\/wp\/v2\/pages\/14060\/revisions"}],"predecessor-version":[{"id":14082,"href":"https:\/\/surt.org\/es\/wp-json\/wp\/v2\/pages\/14060\/revisions\/14082"}],"wp:featuredmedia":[{"embeddable":true,"href":"https:\/\/surt.org\/es\/wp-json\/wp\/v2\/media\/13175"}],"wp:attachment":[{"href":"https:\/\/surt.org\/es\/wp-json\/wp\/v2\/media?parent=14060"}],"curies":[{"name":"wp","href":"https:\/\/api.w.org\/{rel}","templated":true}]}}