{"id":13713,"date":"2024-08-09T19:00:31","date_gmt":"2024-08-09T17:00:31","guid":{"rendered":"https:\/\/devsurt.lana2.net\/?page_id=13713"},"modified":"2025-06-11T13:00:28","modified_gmt":"2025-06-11T11:00:28","slug":"organizacion","status":"publish","type":"page","link":"https:\/\/surt.org\/es\/organizacion\/","title":{"rendered":"Organizaci\u00f3n"},"content":{"rendered":"<h2>\u00d3rganos de gobierno<\/h2>\n<p>El\u00a0<strong>patronato<\/strong>, formado por mujeres de diferentes \u00e1mbitos sociales y profesionales, m\u00e1ximo \u00f3rgano de gobierno de Surt, marca las l\u00edneas estrat\u00e9gicas de la entidad a medio y largo plazo y velatorio porque todas las actuaciones que se llevan a cabo respondan a la misi\u00f3n, los principios y los valores de la entidad.<\/p>\n<p><img fetchpriority=\"high\" decoding=\"async\" src=\"https:\/\/surt.org\/wp-content\/uploads\/2024\/08\/web-patronatimg_3374-npvcr0glskuvv559az0dlajqjml7mzn0n4cup7qe98.jpg\" sizes=\"(max-width: 780px) 100vw, 780px\" srcset=\"https:\/\/surt.org\/wp-content\/uploads\/2024\/08\/web-patronatimg_3374-npvcr0glskuvv559az0dlajqjml7mzn0n4cup7qe98.jpg 800w, https:\/\/surt.org\/wp-content\/uploads\/2024\/08\/web-patronatimg_3374-npvcr0glskuvv559az0dlajqjml7mzn0n4cup7qe98-300x131.jpg 300w\" alt=\"\" width=\"780\" height=\"341\" \/><\/p>\n<p><strong>Presidenta: <\/strong>Fina Rubio Serrano<\/p>\n<p><strong>Secretaria: <\/strong>Ana L\u00f3pez Anguera<\/p>\n<p><strong>Vocales: <\/strong>Remei Sipi Mayo, Bel\u00e9n Fern\u00e1ndez L\u00f3pez, Montserrat Camps i Marsal, Carolina Pall\u00e0s y Eva Peruga Sales.<\/p>\n<p>El\u00a0<strong>Consejo de direcci\u00f3n<\/strong>\u00a0es el \u00f3rgano de coordinaci\u00f3n de las diversas l\u00edneas de actividad de la entidad. Su funci\u00f3n es hacer el seguimiento, en cada uno de los \u00e1mbitos de actividad, de los planes anuales de la entidad y la gesti\u00f3n cotidiana de los programas y proyectos, as\u00ed como de los equipos de trabajo. Lo conforman, adem\u00e1s del equipo de direcci\u00f3n ejecutiva:<\/p>\n<p><img decoding=\"async\" src=\"https:\/\/surt.org\/wp-content\/uploads\/2024\/10\/Fina-Rubio-baixa-1024x683.jpg\" sizes=\"(max-width: 780px) 100vw, 780px\" srcset=\"https:\/\/surt.org\/wp-content\/uploads\/2024\/10\/Fina-Rubio-baixa-1024x683.jpg 1024w, https:\/\/surt.org\/wp-content\/uploads\/2024\/10\/Fina-Rubio-baixa-300x200.jpg 300w, https:\/\/surt.org\/wp-content\/uploads\/2024\/10\/Fina-Rubio-baixa-720x480.jpg 720w, https:\/\/surt.org\/wp-content\/uploads\/2024\/10\/Fina-Rubio-baixa.jpg 1351w\" alt=\"\" width=\"780\" height=\"520\" \/><\/p>\n<p>Fina Rubio, directora general de SURT<\/p>\n<p><strong>Fina Rubio: <\/strong>Direcci\u00f3n general<\/p>\n<p><strong>Meritxell Bened\u00ed: <\/strong>Jefa de empoderamiento econ\u00f3mico<\/p>\n<p><strong>Cova \u00c1lvarez: <\/strong>Jefa del \u00c1rea de servicios de acompa\u00f1amiento en la recuperaci\u00f3n y reparaci\u00f3n de violencias machistas y de g\u00e9nero<\/p>\n<p><strong>Esther Garcia: <\/strong>Jefa de servicios de Barceloneta<\/p>\n<p><strong>\u00c0ngels Pujol: <\/strong>Jefa de transformaci\u00f3n digital y calidad<\/p>\n<p><strong>Carme Porta: <\/strong>Jefa de comunicaci\u00f3n y Incidencia<\/p>\n<p><strong>Guillem Vidal: <\/strong>Jefe de desarrollo de proyectos<\/p>\n<p><strong>Mireia Guerrero: <\/strong>Jefa de gesti\u00f3n de personas<\/p>\n<p><strong>Francesc Verg\u00e9s: <\/strong>Director de finanzas<\/p>","protected":false},"excerpt":{"rendered":"<p>\u00d3rganos de gobierno El\u00a0patronato, formado por mujeres de diferentes \u00e1mbitos sociales y profesionales, m\u00e1ximo \u00f3rgano de gobierno de Surt, marca las l\u00edneas estrat\u00e9gicas de la entidad a medio y largo plazo y velatorio porque todas las actuaciones que se llevan a cabo respondan a la misi\u00f3n, los principios y los valores de la entidad. Presidenta: [&hellip;]<\/p>","protected":false},"author":1,"featured_media":13195,"parent":0,"menu_order":0,"comment_status":"closed","ping_status":"closed","template":"","meta":{"footnotes":""},"class_list":["post-13713","page","type-page","status-publish","has-post-thumbnail","hentry"],"_links":{"self":[{"href":"https:\/\/surt.org\/es\/wp-json\/wp\/v2\/pages\/13713","targetHints":{"allow":["GET"]}}],"collection":[{"href":"https:\/\/surt.org\/es\/wp-json\/wp\/v2\/pages"}],"about":[{"href":"https:\/\/surt.org\/es\/wp-json\/wp\/v2\/types\/page"}],"author":[{"embeddable":true,"href":"https:\/\/surt.org\/es\/wp-json\/wp\/v2\/users\/1"}],"replies":[{"embeddable":true,"href":"https:\/\/surt.org\/es\/wp-json\/wp\/v2\/comments?post=13713"}],"version-history":[{"count":24,"href":"https:\/\/surt.org\/es\/wp-json\/wp\/v2\/pages\/13713\/revisions"}],"predecessor-version":[{"id":29555,"href":"https:\/\/surt.org\/es\/wp-json\/wp\/v2\/pages\/13713\/revisions\/29555"}],"wp:featuredmedia":[{"embeddable":true,"href":"https:\/\/surt.org\/es\/wp-json\/wp\/v2\/media\/13195"}],"wp:attachment":[{"href":"https:\/\/surt.org\/es\/wp-json\/wp\/v2\/media?parent=13713"}],"curies":[{"name":"wp","href":"https:\/\/api.w.org\/{rel}","templated":true}]}}